{"id":312,"date":"2022-07-24T12:35:10","date_gmt":"2022-07-24T12:35:10","guid":{"rendered":"https:\/\/kri-kri-ibex.com\/?page_id=312"},"modified":"2022-08-20T08:28:37","modified_gmt":"2022-08-20T08:28:37","slug":"hunting","status":"publish","type":"page","link":"https:\/\/kri-kri-ibex.com\/sk\/lov\/","title":{"rendered":"Lov"},"content":{"rendered":"<div data-elementor-type=\"wp-page\" data-elementor-id=\"312\" class=\"elementor elementor-312\" data-elementor-post-type=\"page\">\n\t\t\t\t\t\t<section class=\"elementor-section elementor-top-section elementor-element elementor-element-3d038ee elementor-section-boxed elementor-section-height-default elementor-section-height-default\" data-id=\"3d038ee\" data-element_type=\"section\" data-e-type=\"section\">\n\t\t\t\t\t\t<div class=\"elementor-container elementor-column-gap-default\">\n\t\t\t\t\t<div class=\"elementor-column elementor-col-100 elementor-top-column elementor-element elementor-element-d1f1c8c\" data-id=\"d1f1c8c\" data-element_type=\"column\" data-e-type=\"column\">\n\t\t\t<div class=\"elementor-widget-wrap elementor-element-populated\">\n\t\t\t\t\t\t<div class=\"elementor-element elementor-element-bfd54f8 elementor-widget elementor-widget-heading\" data-id=\"bfd54f8\" data-element_type=\"widget\" data-e-type=\"widget\" data-widget_type=\"heading.default\">\n\t\t\t\t<div class=\"elementor-widget-container\">\n\t\t\t\t\t<h1 class=\"elementor-heading-title elementor-size-default\">Lov na kozoro\u017eca a mufl\u00f3na v Gr\u00e9cku na ostrove Sapientza<\/h1>\t\t\t\t<\/div>\n\t\t\t\t<\/div>\n\t\t\t\t\t<\/div>\n\t\t<\/div>\n\t\t\t\t\t<\/div>\n\t\t<\/section>\n\t\t\t\t<section class=\"elementor-section elementor-top-section elementor-element elementor-element-8ca60e7 elementor-section-boxed elementor-section-height-default elementor-section-height-default\" data-id=\"8ca60e7\" data-element_type=\"section\" data-e-type=\"section\">\n\t\t\t\t\t\t<div class=\"elementor-container elementor-column-gap-default\">\n\t\t\t\t\t<div class=\"elementor-column elementor-col-66 elementor-top-column elementor-element elementor-element-84b3c97\" data-id=\"84b3c97\" data-element_type=\"column\" data-e-type=\"column\">\n\t\t\t<div class=\"elementor-widget-wrap elementor-element-populated\">\n\t\t\t\t\t\t<div class=\"elementor-element elementor-element-a3a028c elementor-widget elementor-widget-heading\" data-id=\"a3a028c\" data-element_type=\"widget\" data-e-type=\"widget\" data-widget_type=\"heading.default\">\n\t\t\t\t<div class=\"elementor-widget-container\">\n\t\t\t\t\t<h2 class=\"elementor-heading-title elementor-size-default\">Kde lovi\u0165 kri kri ibex<\/h2>\t\t\t\t<\/div>\n\t\t\t\t<\/div>\n\t\t\t\t<div class=\"elementor-element elementor-element-4687e98 elementor-widget elementor-widget-text-editor\" data-id=\"4687e98\" data-element_type=\"widget\" data-e-type=\"widget\" data-widget_type=\"text-editor.default\">\n\t\t\t\t<div class=\"elementor-widget-container\">\n\t\t\t\t\t\t\t\t\t<p><strong>Kri kri ibex hunting<\/strong> a najm\u00e4 <strong>lov v Gr\u00e9cku<\/strong> je n\u00e1ro\u010dn\u00e1 \u00faloha. Pre zahrani\u010dn\u00fdch po\u013eovn\u00edkov je lov ve\u013ekej zveri v Gr\u00e9cku obmedzen\u00fd. Jedinou alternat\u00edvou pre miestnych po\u013eovn\u00edkov s\u00fa diviaky a srnce. <strong>kri kri ibex<\/strong>, ktor\u00e9 sa m\u00f4\u017eu lovi\u0165 len na starostlivo str\u00e1\u017een\u00fdch \u0161peci\u00e1lnych loveck\u00fdch \u00fazemiach, ako s\u00fa niektor\u00e9 ostrovy. Na dvoch samostatn\u00fdch ostrovoch vzdialen\u00fdch pribli\u017ene 150 kilometrov \/Atalanty\/ a 300 kilometrov \/Sapientza\/ od At\u00e9n poskytujeme mo\u017enos\u0165 lovu tohto n\u00e1dhern\u00e9ho tvora. <strong>Kri Kri<\/strong> Kozoro\u017eca a mufl\u00f3na mo\u017eno strie\u013ea\u0165 len na <a href=\"https:\/\/www.whcs.gr\/greece\">\u0161peci\u00e1lne po\u013eovn\u00e9 oblasti<\/a> od skor\u00e9ho r\u00e1na do poludnia v s\u00falade s gr\u00e9ckymi z\u00e1konmi. Povolen\u00e9 s\u00fa len brokov\u00e9 zbrane a m\u00f4\u017eu sa pou\u017e\u00edva\u0165 len gu\u013eky. Povolenia by ste si mali rezervova\u0165 aspo\u0148 rok vopred. T\u00fdm sa zabezpe\u010d\u00ed, aby sa na tieto v\u00fdlety dostali len seri\u00f3zni lovci. Licencie vyd\u00e1va gr\u00e9cke ministerstvo pr\u00edrody a po\u013enohospod\u00e1rstva a vl\u00e1da ka\u017edoro\u010dne vyd\u00e1va ur\u010dit\u00fd po\u010det licenci\u00ed. Tento po\u010det nie je pevne stanoven\u00fd, tak\u017ee sa neust\u00e1le men\u00ed v z\u00e1vislosti od popul\u00e1cie zvierat. Rohy kozoro\u017ecov s\u00fa najdlh\u0161ie zo v\u0161etk\u00fdch div\u00fdch k\u00f4z (Capra Aegagrus). Kri-Kri je najmen\u0161\u00ed kozoro\u017eec z h\u013eadiska telesnej hmotnosti, ale nie d\u013a\u017eky rohov (Capra Aegagrus Cretica). Nieko\u013eko exempl\u00e1rov, ktor\u00e9 sa nepodarilo spo\u010d\u00edta\u0165, dosahovalo d\u013a\u017eku a\u017e 115 cm. Zlat\u00e1 trofej je dlh\u00e1 61 cm (24 palcov). . <strong>Kozoro\u017ece Kri-Kri<\/strong> s\u00fa <strong>loven\u00e9 v Gr\u00e9cku<\/strong> v s\u00fa\u010dasnosti. Lov je dostupn\u00fd na Atalanti a Sapientze, ako aj na pevnine. Kozoro\u017eec sa lov\u00ed od <strong>Atalanti<\/strong> v poslednom okt\u00f3brovom a prvom decembrovom t\u00fd\u017edni. Na str\u00e1nke <strong>Sapientza<\/strong>, lov je povolen\u00fd po\u010das cel\u00e9ho novembra v z\u00e1vislosti od poveternostn\u00fdch podmienok. Loveck\u00e1 sez\u00f3na na pevnine sa za\u010d\u00edna v septembri a kon\u010d\u00ed v okt\u00f3bri alebo novembri.<\/p>\t\t\t\t\t\t\t\t<\/div>\n\t\t\t\t<\/div>\n\t\t\t\t\t<\/div>\n\t\t<\/div>\n\t\t\t\t<div class=\"elementor-column elementor-col-33 elementor-top-column elementor-element elementor-element-29d27af\" data-id=\"29d27af\" data-element_type=\"column\" data-e-type=\"column\">\n\t\t\t<div class=\"elementor-widget-wrap elementor-element-populated\">\n\t\t\t\t\t\t<div class=\"elementor-element elementor-element-2a1f091 elementor-widget elementor-widget-image\" data-id=\"2a1f091\" data-element_type=\"widget\" data-e-type=\"widget\" data-widget_type=\"image.default\">\n\t\t\t\t<div class=\"elementor-widget-container\">\n\t\t\t\t\t\t\t\t\t\t\t\t\t\t\t<img fetchpriority=\"high\" decoding=\"async\" width=\"768\" height=\"1024\" src=\"https:\/\/kri-kri-ibex.com\/wp-content\/uploads\/2022\/07\/2021-11-22-10.49.31-768x1024.jpg?v=1658676822\" class=\"attachment-large size-large wp-image-334\" alt=\"\" srcset=\"https:\/\/kri-kri-ibex.com\/wp-content\/uploads\/2022\/07\/2021-11-22-10.49.31-768x1024.jpg?v=1658676822 768w, https:\/\/kri-kri-ibex.com\/wp-content\/uploads\/2022\/07\/2021-11-22-10.49.31-225x300.jpg?v=1658676822 225w, https:\/\/kri-kri-ibex.com\/wp-content\/uploads\/2022\/07\/2021-11-22-10.49.31-1152x1536.jpg?v=1658676822 1152w, https:\/\/kri-kri-ibex.com\/wp-content\/uploads\/2022\/07\/2021-11-22-10.49.31-1536x2048.jpg?v=1658676822 1536w, https:\/\/kri-kri-ibex.com\/wp-content\/uploads\/2022\/07\/2021-11-22-10.49.31-scaled.jpg?v=1658676822 1920w\" sizes=\"(max-width: 768px) 100vw, 768px\" \/>\t\t\t\t\t\t\t\t\t\t\t\t\t\t\t<\/div>\n\t\t\t\t<\/div>\n\t\t\t\t\t<\/div>\n\t\t<\/div>\n\t\t\t\t\t<\/div>\n\t\t<\/section>\n\t\t\t\t<section class=\"elementor-section elementor-top-section elementor-element elementor-element-bd34e03 elementor-section-boxed elementor-section-height-default elementor-section-height-default\" data-id=\"bd34e03\" data-element_type=\"section\" data-e-type=\"section\">\n\t\t\t\t\t\t<div class=\"elementor-container elementor-column-gap-default\">\n\t\t\t\t\t<div class=\"elementor-column elementor-col-25 elementor-top-column elementor-element elementor-element-8361188\" data-id=\"8361188\" data-element_type=\"column\" data-e-type=\"column\">\n\t\t\t<div class=\"elementor-widget-wrap elementor-element-populated\">\n\t\t\t\t\t\t<div class=\"elementor-element elementor-element-0e51e77 elementor-widget elementor-widget-image\" data-id=\"0e51e77\" data-element_type=\"widget\" data-e-type=\"widget\" data-widget_type=\"image.default\">\n\t\t\t\t<div class=\"elementor-widget-container\">\n\t\t\t\t\t\t\t\t\t\t\t\t\t\t\t<img decoding=\"async\" width=\"800\" height=\"600\" src=\"https:\/\/kri-kri-ibex.com\/wp-content\/uploads\/2022\/07\/2021-11-17-09.36.38-1024x768.jpg?v=1658676661\" class=\"attachment-large size-large wp-image-331\" alt=\"\" srcset=\"https:\/\/kri-kri-ibex.com\/wp-content\/uploads\/2022\/07\/2021-11-17-09.36.38-1024x768.jpg?v=1658676661 1024w, https:\/\/kri-kri-ibex.com\/wp-content\/uploads\/2022\/07\/2021-11-17-09.36.38-300x225.jpg?v=1658676661 300w, https:\/\/kri-kri-ibex.com\/wp-content\/uploads\/2022\/07\/2021-11-17-09.36.38-768x576.jpg?v=1658676661 768w, https:\/\/kri-kri-ibex.com\/wp-content\/uploads\/2022\/07\/2021-11-17-09.36.38-1536x1152.jpg?v=1658676661 1536w, https:\/\/kri-kri-ibex.com\/wp-content\/uploads\/2022\/07\/2021-11-17-09.36.38-2048x1536.jpg?v=1658676661 2048w\" sizes=\"(max-width: 800px) 100vw, 800px\" \/>\t\t\t\t\t\t\t\t\t\t\t\t\t\t\t<\/div>\n\t\t\t\t<\/div>\n\t\t\t\t<div class=\"elementor-element elementor-element-3ecb2ea elementor-widget elementor-widget-image\" data-id=\"3ecb2ea\" data-element_type=\"widget\" data-e-type=\"widget\" data-widget_type=\"image.default\">\n\t\t\t\t<div class=\"elementor-widget-container\">\n\t\t\t\t\t\t\t\t\t\t\t\t\t\t\t<img decoding=\"async\" width=\"800\" height=\"600\" src=\"https:\/\/kri-kri-ibex.com\/wp-content\/uploads\/2022\/07\/2021-11-22-15.07.41-1024x768.jpg?v=1658677663\" class=\"attachment-large size-large wp-image-337\" alt=\"\" srcset=\"https:\/\/kri-kri-ibex.com\/wp-content\/uploads\/2022\/07\/2021-11-22-15.07.41-1024x768.jpg?v=1658677663 1024w, https:\/\/kri-kri-ibex.com\/wp-content\/uploads\/2022\/07\/2021-11-22-15.07.41-300x225.jpg?v=1658677663 300w, https:\/\/kri-kri-ibex.com\/wp-content\/uploads\/2022\/07\/2021-11-22-15.07.41-768x576.jpg?v=1658677663 768w, https:\/\/kri-kri-ibex.com\/wp-content\/uploads\/2022\/07\/2021-11-22-15.07.41-1536x1152.jpg?v=1658677663 1536w, https:\/\/kri-kri-ibex.com\/wp-content\/uploads\/2022\/07\/2021-11-22-15.07.41-2048x1536.jpg?v=1658677663 2048w\" sizes=\"(max-width: 800px) 100vw, 800px\" \/>\t\t\t\t\t\t\t\t\t\t\t\t\t\t\t<\/div>\n\t\t\t\t<\/div>\n\t\t\t\t\t<\/div>\n\t\t<\/div>\n\t\t\t\t<div class=\"elementor-column elementor-col-25 elementor-top-column elementor-element elementor-element-bf3b997\" data-id=\"bf3b997\" data-element_type=\"column\" data-e-type=\"column\">\n\t\t\t<div class=\"elementor-widget-wrap elementor-element-populated\">\n\t\t\t\t\t\t<div class=\"elementor-element elementor-element-02488f7 elementor-widget elementor-widget-image\" data-id=\"02488f7\" data-element_type=\"widget\" data-e-type=\"widget\" data-widget_type=\"image.default\">\n\t\t\t\t<div class=\"elementor-widget-container\">\n\t\t\t\t\t\t\t\t\t\t\t\t\t\t\t<img loading=\"lazy\" decoding=\"async\" width=\"800\" height=\"600\" src=\"https:\/\/kri-kri-ibex.com\/wp-content\/uploads\/2022\/07\/2021-11-22-10.49.07-1024x768.jpg?v=1658676794\" class=\"attachment-large size-large wp-image-333\" alt=\"\" srcset=\"https:\/\/kri-kri-ibex.com\/wp-content\/uploads\/2022\/07\/2021-11-22-10.49.07-1024x768.jpg?v=1658676794 1024w, https:\/\/kri-kri-ibex.com\/wp-content\/uploads\/2022\/07\/2021-11-22-10.49.07-300x225.jpg?v=1658676794 300w, https:\/\/kri-kri-ibex.com\/wp-content\/uploads\/2022\/07\/2021-11-22-10.49.07-768x576.jpg?v=1658676794 768w, https:\/\/kri-kri-ibex.com\/wp-content\/uploads\/2022\/07\/2021-11-22-10.49.07-1536x1152.jpg?v=1658676794 1536w, https:\/\/kri-kri-ibex.com\/wp-content\/uploads\/2022\/07\/2021-11-22-10.49.07-2048x1536.jpg?v=1658676794 2048w\" sizes=\"(max-width: 800px) 100vw, 800px\" \/>\t\t\t\t\t\t\t\t\t\t\t\t\t\t\t<\/div>\n\t\t\t\t<\/div>\n\t\t\t\t<div class=\"elementor-element elementor-element-0eb7a38 elementor-widget elementor-widget-image\" data-id=\"0eb7a38\" data-element_type=\"widget\" data-e-type=\"widget\" data-widget_type=\"image.default\">\n\t\t\t\t<div class=\"elementor-widget-container\">\n\t\t\t\t\t\t\t\t\t\t\t\t\t\t\t<img loading=\"lazy\" decoding=\"async\" width=\"800\" height=\"600\" src=\"https:\/\/kri-kri-ibex.com\/wp-content\/uploads\/2022\/07\/2021-11-22-13.03.30-1024x768.jpg?v=1658677601\" class=\"attachment-large size-large wp-image-335\" alt=\"\" srcset=\"https:\/\/kri-kri-ibex.com\/wp-content\/uploads\/2022\/07\/2021-11-22-13.03.30-1024x768.jpg?v=1658677601 1024w, https:\/\/kri-kri-ibex.com\/wp-content\/uploads\/2022\/07\/2021-11-22-13.03.30-300x225.jpg?v=1658677601 300w, https:\/\/kri-kri-ibex.com\/wp-content\/uploads\/2022\/07\/2021-11-22-13.03.30-768x576.jpg?v=1658677601 768w, https:\/\/kri-kri-ibex.com\/wp-content\/uploads\/2022\/07\/2021-11-22-13.03.30-1536x1152.jpg?v=1658677601 1536w, https:\/\/kri-kri-ibex.com\/wp-content\/uploads\/2022\/07\/2021-11-22-13.03.30-2048x1536.jpg?v=1658677601 2048w\" sizes=\"(max-width: 800px) 100vw, 800px\" \/>\t\t\t\t\t\t\t\t\t\t\t\t\t\t\t<\/div>\n\t\t\t\t<\/div>\n\t\t\t\t\t<\/div>\n\t\t<\/div>\n\t\t\t\t<div class=\"elementor-column elementor-col-25 elementor-top-column elementor-element elementor-element-77e4fd6\" data-id=\"77e4fd6\" data-element_type=\"column\" data-e-type=\"column\">\n\t\t\t<div class=\"elementor-widget-wrap elementor-element-populated\">\n\t\t\t\t\t\t<div class=\"elementor-element elementor-element-b80da53 elementor-widget elementor-widget-image\" data-id=\"b80da53\" data-element_type=\"widget\" data-e-type=\"widget\" data-widget_type=\"image.default\">\n\t\t\t\t<div class=\"elementor-widget-container\">\n\t\t\t\t\t\t\t\t\t\t\t\t\t\t\t<img loading=\"lazy\" decoding=\"async\" width=\"800\" height=\"600\" src=\"https:\/\/kri-kri-ibex.com\/wp-content\/uploads\/2022\/07\/2021-11-18-08.39.42-1024x768.jpg?v=1658676725\" class=\"attachment-large size-large wp-image-332\" alt=\"\" srcset=\"https:\/\/kri-kri-ibex.com\/wp-content\/uploads\/2022\/07\/2021-11-18-08.39.42-1024x768.jpg?v=1658676725 1024w, https:\/\/kri-kri-ibex.com\/wp-content\/uploads\/2022\/07\/2021-11-18-08.39.42-300x225.jpg?v=1658676725 300w, https:\/\/kri-kri-ibex.com\/wp-content\/uploads\/2022\/07\/2021-11-18-08.39.42-768x576.jpg?v=1658676725 768w, https:\/\/kri-kri-ibex.com\/wp-content\/uploads\/2022\/07\/2021-11-18-08.39.42-1536x1152.jpg?v=1658676725 1536w, https:\/\/kri-kri-ibex.com\/wp-content\/uploads\/2022\/07\/2021-11-18-08.39.42-2048x1536.jpg?v=1658676725 2048w\" sizes=\"(max-width: 800px) 100vw, 800px\" \/>\t\t\t\t\t\t\t\t\t\t\t\t\t\t\t<\/div>\n\t\t\t\t<\/div>\n\t\t\t\t<div class=\"elementor-element elementor-element-7517054 elementor-widget elementor-widget-image\" data-id=\"7517054\" data-element_type=\"widget\" data-e-type=\"widget\" data-widget_type=\"image.default\">\n\t\t\t\t<div class=\"elementor-widget-container\">\n\t\t\t\t\t\t\t\t\t\t\t\t\t\t\t<img loading=\"lazy\" decoding=\"async\" width=\"800\" height=\"600\" src=\"https:\/\/kri-kri-ibex.com\/wp-content\/uploads\/2022\/07\/2021-11-24-07.42.08-1024x768.jpg?v=1658677781\" class=\"attachment-large size-large wp-image-338\" alt=\"\" srcset=\"https:\/\/kri-kri-ibex.com\/wp-content\/uploads\/2022\/07\/2021-11-24-07.42.08-1024x768.jpg?v=1658677781 1024w, https:\/\/kri-kri-ibex.com\/wp-content\/uploads\/2022\/07\/2021-11-24-07.42.08-300x225.jpg?v=1658677781 300w, https:\/\/kri-kri-ibex.com\/wp-content\/uploads\/2022\/07\/2021-11-24-07.42.08-768x576.jpg?v=1658677781 768w, https:\/\/kri-kri-ibex.com\/wp-content\/uploads\/2022\/07\/2021-11-24-07.42.08-1536x1152.jpg?v=1658677781 1536w, https:\/\/kri-kri-ibex.com\/wp-content\/uploads\/2022\/07\/2021-11-24-07.42.08-2048x1536.jpg?v=1658677781 2048w\" sizes=\"(max-width: 800px) 100vw, 800px\" \/>\t\t\t\t\t\t\t\t\t\t\t\t\t\t\t<\/div>\n\t\t\t\t<\/div>\n\t\t\t\t\t<\/div>\n\t\t<\/div>\n\t\t\t\t<div class=\"elementor-column elementor-col-25 elementor-top-column elementor-element elementor-element-eea95e4\" data-id=\"eea95e4\" data-element_type=\"column\" data-e-type=\"column\">\n\t\t\t<div class=\"elementor-widget-wrap elementor-element-populated\">\n\t\t\t\t\t\t<div class=\"elementor-element elementor-element-d9572aa elementor-widget elementor-widget-image\" data-id=\"d9572aa\" data-element_type=\"widget\" data-e-type=\"widget\" data-widget_type=\"image.default\">\n\t\t\t\t<div class=\"elementor-widget-container\">\n\t\t\t\t\t\t\t\t\t\t\t\t\t\t\t<img loading=\"lazy\" decoding=\"async\" width=\"800\" height=\"600\" src=\"https:\/\/kri-kri-ibex.com\/wp-content\/uploads\/2022\/07\/2021-11-15-08.22.33-1024x768.jpg?v=1658676454\" class=\"attachment-large size-large wp-image-330\" alt=\"\" srcset=\"https:\/\/kri-kri-ibex.com\/wp-content\/uploads\/2022\/07\/2021-11-15-08.22.33-1024x768.jpg?v=1658676454 1024w, https:\/\/kri-kri-ibex.com\/wp-content\/uploads\/2022\/07\/2021-11-15-08.22.33-300x225.jpg?v=1658676454 300w, https:\/\/kri-kri-ibex.com\/wp-content\/uploads\/2022\/07\/2021-11-15-08.22.33-768x576.jpg?v=1658676454 768w, https:\/\/kri-kri-ibex.com\/wp-content\/uploads\/2022\/07\/2021-11-15-08.22.33-1536x1152.jpg?v=1658676454 1536w, https:\/\/kri-kri-ibex.com\/wp-content\/uploads\/2022\/07\/2021-11-15-08.22.33-2048x1536.jpg?v=1658676454 2048w\" sizes=\"(max-width: 800px) 100vw, 800px\" \/>\t\t\t\t\t\t\t\t\t\t\t\t\t\t\t<\/div>\n\t\t\t\t<\/div>\n\t\t\t\t<div class=\"elementor-element elementor-element-6bdeec0 elementor-widget elementor-widget-image\" data-id=\"6bdeec0\" data-element_type=\"widget\" data-e-type=\"widget\" data-widget_type=\"image.default\">\n\t\t\t\t<div class=\"elementor-widget-container\">\n\t\t\t\t\t\t\t\t\t\t\t\t\t\t\t<img loading=\"lazy\" decoding=\"async\" width=\"800\" height=\"600\" src=\"https:\/\/kri-kri-ibex.com\/wp-content\/uploads\/2022\/07\/2021-11-25-13.28.20-1024x768.jpg?v=1658678037\" class=\"attachment-large size-large wp-image-340\" alt=\"\" srcset=\"https:\/\/kri-kri-ibex.com\/wp-content\/uploads\/2022\/07\/2021-11-25-13.28.20-1024x768.jpg?v=1658678037 1024w, https:\/\/kri-kri-ibex.com\/wp-content\/uploads\/2022\/07\/2021-11-25-13.28.20-300x225.jpg?v=1658678037 300w, https:\/\/kri-kri-ibex.com\/wp-content\/uploads\/2022\/07\/2021-11-25-13.28.20-768x576.jpg?v=1658678037 768w, https:\/\/kri-kri-ibex.com\/wp-content\/uploads\/2022\/07\/2021-11-25-13.28.20-1536x1152.jpg?v=1658678037 1536w, https:\/\/kri-kri-ibex.com\/wp-content\/uploads\/2022\/07\/2021-11-25-13.28.20-2048x1536.jpg?v=1658678037 2048w\" sizes=\"(max-width: 800px) 100vw, 800px\" \/>\t\t\t\t\t\t\t\t\t\t\t\t\t\t\t<\/div>\n\t\t\t\t<\/div>\n\t\t\t\t\t<\/div>\n\t\t<\/div>\n\t\t\t\t\t<\/div>\n\t\t<\/section>\n\t\t\t\t<\/div>","protected":false},"excerpt":{"rendered":"<p>Kri kri ibex and mouflon hunting in Greece on Sapientza island Where to hunt kri kri ibex Kri kri ibex hunting and especially hunting in Greece is difficult task. For international hunters hunting big game in Greece is restricted. Wild boars and roe deer are the only alternative for local hunters besides kri kri ibex, [&hellip;]<\/p>\n","protected":false},"author":1,"featured_media":0,"parent":0,"menu_order":0,"comment_status":"closed","ping_status":"closed","template":"elementor_header_footer","meta":{"footnotes":""},"wf_page_folders":[],"class_list":["post-312","page","type-page","status-publish","hentry"],"aioseo_notices":[],"_links":{"self":[{"href":"https:\/\/kri-kri-ibex.com\/sk\/wp-json\/wp\/v2\/pages\/312","targetHints":{"allow":["GET"]}}],"collection":[{"href":"https:\/\/kri-kri-ibex.com\/sk\/wp-json\/wp\/v2\/pages"}],"about":[{"href":"https:\/\/kri-kri-ibex.com\/sk\/wp-json\/wp\/v2\/types\/page"}],"author":[{"embeddable":true,"href":"https:\/\/kri-kri-ibex.com\/sk\/wp-json\/wp\/v2\/users\/1"}],"replies":[{"embeddable":true,"href":"https:\/\/kri-kri-ibex.com\/sk\/wp-json\/wp\/v2\/comments?post=312"}],"version-history":[{"count":24,"href":"https:\/\/kri-kri-ibex.com\/sk\/wp-json\/wp\/v2\/pages\/312\/revisions"}],"predecessor-version":[{"id":1305,"href":"https:\/\/kri-kri-ibex.com\/sk\/wp-json\/wp\/v2\/pages\/312\/revisions\/1305"}],"wp:attachment":[{"href":"https:\/\/kri-kri-ibex.com\/sk\/wp-json\/wp\/v2\/media?parent=312"}],"wp:term":[{"taxonomy":"wf_page_folders","embeddable":true,"href":"https:\/\/kri-kri-ibex.com\/sk\/wp-json\/wp\/v2\/wf_page_folders?post=312"}],"curies":[{"name":"wp","href":"https:\/\/api.w.org\/{rel}","templated":true}]}}