{"id":312,"date":"2022-07-24T12:35:10","date_gmt":"2022-07-24T12:35:10","guid":{"rendered":"https:\/\/kri-kri-ibex.com\/?page_id=312"},"modified":"2022-08-20T08:28:37","modified_gmt":"2022-08-20T08:28:37","slug":"hunting","status":"publish","type":"page","link":"https:\/\/kri-kri-ibex.com\/pt\/caca\/","title":{"rendered":"A ca\u00e7a"},"content":{"rendered":"<div data-elementor-type=\"wp-page\" data-elementor-id=\"312\" class=\"elementor elementor-312\" data-elementor-post-type=\"page\">\n\t\t\t\t\t\t<section class=\"elementor-section elementor-top-section elementor-element elementor-element-3d038ee elementor-section-boxed elementor-section-height-default elementor-section-height-default\" data-id=\"3d038ee\" data-element_type=\"section\" data-e-type=\"section\">\n\t\t\t\t\t\t<div class=\"elementor-container elementor-column-gap-default\">\n\t\t\t\t\t<div class=\"elementor-column elementor-col-100 elementor-top-column elementor-element elementor-element-d1f1c8c\" data-id=\"d1f1c8c\" data-element_type=\"column\" data-e-type=\"column\">\n\t\t\t<div class=\"elementor-widget-wrap elementor-element-populated\">\n\t\t\t\t\t\t<div class=\"elementor-element elementor-element-bfd54f8 elementor-widget elementor-widget-heading\" data-id=\"bfd54f8\" data-element_type=\"widget\" data-e-type=\"widget\" data-widget_type=\"heading.default\">\n\t\t\t\t<div class=\"elementor-widget-container\">\n\t\t\t\t\t<h1 class=\"elementor-heading-title elementor-size-default\">Ca\u00e7a ao kri kri ibex e ao mufl\u00e3o na Gr\u00e9cia, na ilha de Sapientza<\/h1>\t\t\t\t<\/div>\n\t\t\t\t<\/div>\n\t\t\t\t\t<\/div>\n\t\t<\/div>\n\t\t\t\t\t<\/div>\n\t\t<\/section>\n\t\t\t\t<section class=\"elementor-section elementor-top-section elementor-element elementor-element-8ca60e7 elementor-section-boxed elementor-section-height-default elementor-section-height-default\" data-id=\"8ca60e7\" data-element_type=\"section\" data-e-type=\"section\">\n\t\t\t\t\t\t<div class=\"elementor-container elementor-column-gap-default\">\n\t\t\t\t\t<div class=\"elementor-column elementor-col-66 elementor-top-column elementor-element elementor-element-84b3c97\" data-id=\"84b3c97\" data-element_type=\"column\" data-e-type=\"column\">\n\t\t\t<div class=\"elementor-widget-wrap elementor-element-populated\">\n\t\t\t\t\t\t<div class=\"elementor-element elementor-element-a3a028c elementor-widget elementor-widget-heading\" data-id=\"a3a028c\" data-element_type=\"widget\" data-e-type=\"widget\" data-widget_type=\"heading.default\">\n\t\t\t\t<div class=\"elementor-widget-container\">\n\t\t\t\t\t<h2 class=\"elementor-heading-title elementor-size-default\">Onde ca\u00e7ar kri kri ibex<\/h2>\t\t\t\t<\/div>\n\t\t\t\t<\/div>\n\t\t\t\t<div class=\"elementor-element elementor-element-4687e98 elementor-widget elementor-widget-text-editor\" data-id=\"4687e98\" data-element_type=\"widget\" data-e-type=\"widget\" data-widget_type=\"text-editor.default\">\n\t\t\t\t<div class=\"elementor-widget-container\">\n\t\t\t\t\t\t\t\t\t<p><strong>Ca\u00e7a ao \u00edbex Kri kri<\/strong> e especialmente <strong>ca\u00e7a na Gr\u00e9cia<\/strong> \u00e9 uma tarefa dif\u00edcil. Para os ca\u00e7adores internacionais, a ca\u00e7a grossa na Gr\u00e9cia \u00e9 restrita. Os javalis e os cor\u00e7os s\u00e3o a \u00fanica alternativa para os ca\u00e7adores locais, para al\u00e9m de <strong>kri kri ibex<\/strong>que s\u00f3 pode ser ca\u00e7ada em territ\u00f3rios de ca\u00e7a especiais cuidadosamente guardados, como certas ilhas. Em duas ilhas separadas, a cerca de 150 quil\u00f3metros \/Atalanty\/ e 300 quil\u00f3metros \/Sapientza\/ de Atenas, oferecemos a oportunidade de ca\u00e7ar esta magn\u00edfica criatura. <strong>O Kri Kri<\/strong> O imbex e o mufl\u00e3o s\u00f3 podem ser abatidos em <a href=\"https:\/\/www.whcs.gr\/greece\">zonas de ca\u00e7a especiais<\/a> de manh\u00e3 cedo at\u00e9 ao meio-dia, em conformidade com a legisla\u00e7\u00e3o grega. S\u00f3 s\u00e3o permitidas espingardas de ca\u00e7a e s\u00f3 podem ser utilizadas balas. As licen\u00e7as devem ser reservadas com pelo menos um ano de anteced\u00eancia. O objetivo \u00e9 garantir que apenas os ca\u00e7adores s\u00e9rios sejam autorizados a participar nestas viagens. As licen\u00e7as s\u00e3o emitidas pelo Minist\u00e9rio grego da Natureza e da Agricultura e o governo emite um determinado n\u00famero de licen\u00e7as por ano. Este n\u00famero n\u00e3o \u00e9 fixo, pelo que varia consoante a popula\u00e7\u00e3o do animal. Os cornos do Ibex s\u00e3o os mais compridos de todas as cabras selvagens (Capra Aegagrus). O Kri-Kri \u00e9 o \u00edbex mais pequeno em termos de peso corporal, mas n\u00e3o de comprimento dos seus cornos (Capra Aegagrus Cretica). Alguns exemplares que n\u00e3o foram contados tinham at\u00e9 115 cm. O trof\u00e9u de ouro tem 61 cm (24 polegadas) de comprimento. O <strong>\u00cdbexes Kri-Kri<\/strong> s\u00e3o <strong>ca\u00e7ado na Gr\u00e9cia<\/strong> atualmente. A ca\u00e7a est\u00e1 dispon\u00edvel em Atalanti e Sapientza, bem como no continente. A ca\u00e7a ao Ibex come\u00e7a em <strong>Atalanti<\/strong> na \u00faltima semana de outubro e na primeira semana de dezembro. Em <strong>Sapi\u00eancia<\/strong>A ca\u00e7a \u00e9 permitida durante todo o m\u00eas de novembro, dependendo das condi\u00e7\u00f5es climat\u00e9ricas. A \u00e9poca de ca\u00e7a no continente come\u00e7a em setembro e termina em outubro ou novembro.<\/p>\t\t\t\t\t\t\t\t<\/div>\n\t\t\t\t<\/div>\n\t\t\t\t\t<\/div>\n\t\t<\/div>\n\t\t\t\t<div class=\"elementor-column elementor-col-33 elementor-top-column elementor-element elementor-element-29d27af\" data-id=\"29d27af\" data-element_type=\"column\" data-e-type=\"column\">\n\t\t\t<div class=\"elementor-widget-wrap elementor-element-populated\">\n\t\t\t\t\t\t<div class=\"elementor-element elementor-element-2a1f091 elementor-widget elementor-widget-image\" data-id=\"2a1f091\" data-element_type=\"widget\" data-e-type=\"widget\" data-widget_type=\"image.default\">\n\t\t\t\t<div class=\"elementor-widget-container\">\n\t\t\t\t\t\t\t\t\t\t\t\t\t\t\t<img fetchpriority=\"high\" decoding=\"async\" width=\"768\" height=\"1024\" src=\"https:\/\/kri-kri-ibex.com\/wp-content\/uploads\/2022\/07\/2021-11-22-10.49.31-768x1024.jpg?v=1658676822\" class=\"attachment-large size-large wp-image-334\" alt=\"\" srcset=\"https:\/\/kri-kri-ibex.com\/wp-content\/uploads\/2022\/07\/2021-11-22-10.49.31-768x1024.jpg?v=1658676822 768w, https:\/\/kri-kri-ibex.com\/wp-content\/uploads\/2022\/07\/2021-11-22-10.49.31-225x300.jpg?v=1658676822 225w, https:\/\/kri-kri-ibex.com\/wp-content\/uploads\/2022\/07\/2021-11-22-10.49.31-1152x1536.jpg?v=1658676822 1152w, https:\/\/kri-kri-ibex.com\/wp-content\/uploads\/2022\/07\/2021-11-22-10.49.31-1536x2048.jpg?v=1658676822 1536w, https:\/\/kri-kri-ibex.com\/wp-content\/uploads\/2022\/07\/2021-11-22-10.49.31-scaled.jpg?v=1658676822 1920w\" sizes=\"(max-width: 768px) 100vw, 768px\" \/>\t\t\t\t\t\t\t\t\t\t\t\t\t\t\t<\/div>\n\t\t\t\t<\/div>\n\t\t\t\t\t<\/div>\n\t\t<\/div>\n\t\t\t\t\t<\/div>\n\t\t<\/section>\n\t\t\t\t<section class=\"elementor-section elementor-top-section elementor-element elementor-element-bd34e03 elementor-section-boxed elementor-section-height-default elementor-section-height-default\" data-id=\"bd34e03\" data-element_type=\"section\" data-e-type=\"section\">\n\t\t\t\t\t\t<div class=\"elementor-container elementor-column-gap-default\">\n\t\t\t\t\t<div class=\"elementor-column elementor-col-25 elementor-top-column elementor-element elementor-element-8361188\" data-id=\"8361188\" data-element_type=\"column\" data-e-type=\"column\">\n\t\t\t<div class=\"elementor-widget-wrap elementor-element-populated\">\n\t\t\t\t\t\t<div class=\"elementor-element elementor-element-0e51e77 elementor-widget elementor-widget-image\" data-id=\"0e51e77\" data-element_type=\"widget\" data-e-type=\"widget\" data-widget_type=\"image.default\">\n\t\t\t\t<div class=\"elementor-widget-container\">\n\t\t\t\t\t\t\t\t\t\t\t\t\t\t\t<img decoding=\"async\" width=\"800\" height=\"600\" src=\"https:\/\/kri-kri-ibex.com\/wp-content\/uploads\/2022\/07\/2021-11-17-09.36.38-1024x768.jpg?v=1658676661\" class=\"attachment-large size-large wp-image-331\" alt=\"\" srcset=\"https:\/\/kri-kri-ibex.com\/wp-content\/uploads\/2022\/07\/2021-11-17-09.36.38-1024x768.jpg?v=1658676661 1024w, https:\/\/kri-kri-ibex.com\/wp-content\/uploads\/2022\/07\/2021-11-17-09.36.38-300x225.jpg?v=1658676661 300w, https:\/\/kri-kri-ibex.com\/wp-content\/uploads\/2022\/07\/2021-11-17-09.36.38-768x576.jpg?v=1658676661 768w, https:\/\/kri-kri-ibex.com\/wp-content\/uploads\/2022\/07\/2021-11-17-09.36.38-1536x1152.jpg?v=1658676661 1536w, https:\/\/kri-kri-ibex.com\/wp-content\/uploads\/2022\/07\/2021-11-17-09.36.38-2048x1536.jpg?v=1658676661 2048w\" sizes=\"(max-width: 800px) 100vw, 800px\" \/>\t\t\t\t\t\t\t\t\t\t\t\t\t\t\t<\/div>\n\t\t\t\t<\/div>\n\t\t\t\t<div class=\"elementor-element elementor-element-3ecb2ea elementor-widget elementor-widget-image\" data-id=\"3ecb2ea\" data-element_type=\"widget\" data-e-type=\"widget\" data-widget_type=\"image.default\">\n\t\t\t\t<div class=\"elementor-widget-container\">\n\t\t\t\t\t\t\t\t\t\t\t\t\t\t\t<img decoding=\"async\" width=\"800\" height=\"600\" src=\"https:\/\/kri-kri-ibex.com\/wp-content\/uploads\/2022\/07\/2021-11-22-15.07.41-1024x768.jpg?v=1658677663\" class=\"attachment-large size-large wp-image-337\" alt=\"\" srcset=\"https:\/\/kri-kri-ibex.com\/wp-content\/uploads\/2022\/07\/2021-11-22-15.07.41-1024x768.jpg?v=1658677663 1024w, https:\/\/kri-kri-ibex.com\/wp-content\/uploads\/2022\/07\/2021-11-22-15.07.41-300x225.jpg?v=1658677663 300w, https:\/\/kri-kri-ibex.com\/wp-content\/uploads\/2022\/07\/2021-11-22-15.07.41-768x576.jpg?v=1658677663 768w, https:\/\/kri-kri-ibex.com\/wp-content\/uploads\/2022\/07\/2021-11-22-15.07.41-1536x1152.jpg?v=1658677663 1536w, https:\/\/kri-kri-ibex.com\/wp-content\/uploads\/2022\/07\/2021-11-22-15.07.41-2048x1536.jpg?v=1658677663 2048w\" sizes=\"(max-width: 800px) 100vw, 800px\" \/>\t\t\t\t\t\t\t\t\t\t\t\t\t\t\t<\/div>\n\t\t\t\t<\/div>\n\t\t\t\t\t<\/div>\n\t\t<\/div>\n\t\t\t\t<div class=\"elementor-column elementor-col-25 elementor-top-column elementor-element elementor-element-bf3b997\" data-id=\"bf3b997\" data-element_type=\"column\" data-e-type=\"column\">\n\t\t\t<div class=\"elementor-widget-wrap elementor-element-populated\">\n\t\t\t\t\t\t<div class=\"elementor-element elementor-element-02488f7 elementor-widget elementor-widget-image\" data-id=\"02488f7\" data-element_type=\"widget\" data-e-type=\"widget\" data-widget_type=\"image.default\">\n\t\t\t\t<div class=\"elementor-widget-container\">\n\t\t\t\t\t\t\t\t\t\t\t\t\t\t\t<img loading=\"lazy\" decoding=\"async\" width=\"800\" height=\"600\" src=\"https:\/\/kri-kri-ibex.com\/wp-content\/uploads\/2022\/07\/2021-11-22-10.49.07-1024x768.jpg?v=1658676794\" class=\"attachment-large size-large wp-image-333\" alt=\"\" srcset=\"https:\/\/kri-kri-ibex.com\/wp-content\/uploads\/2022\/07\/2021-11-22-10.49.07-1024x768.jpg?v=1658676794 1024w, https:\/\/kri-kri-ibex.com\/wp-content\/uploads\/2022\/07\/2021-11-22-10.49.07-300x225.jpg?v=1658676794 300w, https:\/\/kri-kri-ibex.com\/wp-content\/uploads\/2022\/07\/2021-11-22-10.49.07-768x576.jpg?v=1658676794 768w, https:\/\/kri-kri-ibex.com\/wp-content\/uploads\/2022\/07\/2021-11-22-10.49.07-1536x1152.jpg?v=1658676794 1536w, https:\/\/kri-kri-ibex.com\/wp-content\/uploads\/2022\/07\/2021-11-22-10.49.07-2048x1536.jpg?v=1658676794 2048w\" sizes=\"(max-width: 800px) 100vw, 800px\" \/>\t\t\t\t\t\t\t\t\t\t\t\t\t\t\t<\/div>\n\t\t\t\t<\/div>\n\t\t\t\t<div class=\"elementor-element elementor-element-0eb7a38 elementor-widget elementor-widget-image\" data-id=\"0eb7a38\" data-element_type=\"widget\" data-e-type=\"widget\" data-widget_type=\"image.default\">\n\t\t\t\t<div class=\"elementor-widget-container\">\n\t\t\t\t\t\t\t\t\t\t\t\t\t\t\t<img loading=\"lazy\" decoding=\"async\" width=\"800\" height=\"600\" src=\"https:\/\/kri-kri-ibex.com\/wp-content\/uploads\/2022\/07\/2021-11-22-13.03.30-1024x768.jpg?v=1658677601\" class=\"attachment-large size-large wp-image-335\" alt=\"\" srcset=\"https:\/\/kri-kri-ibex.com\/wp-content\/uploads\/2022\/07\/2021-11-22-13.03.30-1024x768.jpg?v=1658677601 1024w, https:\/\/kri-kri-ibex.com\/wp-content\/uploads\/2022\/07\/2021-11-22-13.03.30-300x225.jpg?v=1658677601 300w, https:\/\/kri-kri-ibex.com\/wp-content\/uploads\/2022\/07\/2021-11-22-13.03.30-768x576.jpg?v=1658677601 768w, https:\/\/kri-kri-ibex.com\/wp-content\/uploads\/2022\/07\/2021-11-22-13.03.30-1536x1152.jpg?v=1658677601 1536w, https:\/\/kri-kri-ibex.com\/wp-content\/uploads\/2022\/07\/2021-11-22-13.03.30-2048x1536.jpg?v=1658677601 2048w\" sizes=\"(max-width: 800px) 100vw, 800px\" \/>\t\t\t\t\t\t\t\t\t\t\t\t\t\t\t<\/div>\n\t\t\t\t<\/div>\n\t\t\t\t\t<\/div>\n\t\t<\/div>\n\t\t\t\t<div class=\"elementor-column elementor-col-25 elementor-top-column elementor-element elementor-element-77e4fd6\" data-id=\"77e4fd6\" data-element_type=\"column\" data-e-type=\"column\">\n\t\t\t<div class=\"elementor-widget-wrap elementor-element-populated\">\n\t\t\t\t\t\t<div class=\"elementor-element elementor-element-b80da53 elementor-widget elementor-widget-image\" data-id=\"b80da53\" data-element_type=\"widget\" data-e-type=\"widget\" data-widget_type=\"image.default\">\n\t\t\t\t<div class=\"elementor-widget-container\">\n\t\t\t\t\t\t\t\t\t\t\t\t\t\t\t<img loading=\"lazy\" decoding=\"async\" width=\"800\" height=\"600\" src=\"https:\/\/kri-kri-ibex.com\/wp-content\/uploads\/2022\/07\/2021-11-18-08.39.42-1024x768.jpg?v=1658676725\" class=\"attachment-large size-large wp-image-332\" alt=\"\" srcset=\"https:\/\/kri-kri-ibex.com\/wp-content\/uploads\/2022\/07\/2021-11-18-08.39.42-1024x768.jpg?v=1658676725 1024w, https:\/\/kri-kri-ibex.com\/wp-content\/uploads\/2022\/07\/2021-11-18-08.39.42-300x225.jpg?v=1658676725 300w, https:\/\/kri-kri-ibex.com\/wp-content\/uploads\/2022\/07\/2021-11-18-08.39.42-768x576.jpg?v=1658676725 768w, https:\/\/kri-kri-ibex.com\/wp-content\/uploads\/2022\/07\/2021-11-18-08.39.42-1536x1152.jpg?v=1658676725 1536w, https:\/\/kri-kri-ibex.com\/wp-content\/uploads\/2022\/07\/2021-11-18-08.39.42-2048x1536.jpg?v=1658676725 2048w\" sizes=\"(max-width: 800px) 100vw, 800px\" \/>\t\t\t\t\t\t\t\t\t\t\t\t\t\t\t<\/div>\n\t\t\t\t<\/div>\n\t\t\t\t<div class=\"elementor-element elementor-element-7517054 elementor-widget elementor-widget-image\" data-id=\"7517054\" data-element_type=\"widget\" data-e-type=\"widget\" data-widget_type=\"image.default\">\n\t\t\t\t<div class=\"elementor-widget-container\">\n\t\t\t\t\t\t\t\t\t\t\t\t\t\t\t<img loading=\"lazy\" decoding=\"async\" width=\"800\" height=\"600\" src=\"https:\/\/kri-kri-ibex.com\/wp-content\/uploads\/2022\/07\/2021-11-24-07.42.08-1024x768.jpg?v=1658677781\" class=\"attachment-large size-large wp-image-338\" alt=\"\" srcset=\"https:\/\/kri-kri-ibex.com\/wp-content\/uploads\/2022\/07\/2021-11-24-07.42.08-1024x768.jpg?v=1658677781 1024w, https:\/\/kri-kri-ibex.com\/wp-content\/uploads\/2022\/07\/2021-11-24-07.42.08-300x225.jpg?v=1658677781 300w, https:\/\/kri-kri-ibex.com\/wp-content\/uploads\/2022\/07\/2021-11-24-07.42.08-768x576.jpg?v=1658677781 768w, https:\/\/kri-kri-ibex.com\/wp-content\/uploads\/2022\/07\/2021-11-24-07.42.08-1536x1152.jpg?v=1658677781 1536w, https:\/\/kri-kri-ibex.com\/wp-content\/uploads\/2022\/07\/2021-11-24-07.42.08-2048x1536.jpg?v=1658677781 2048w\" sizes=\"(max-width: 800px) 100vw, 800px\" \/>\t\t\t\t\t\t\t\t\t\t\t\t\t\t\t<\/div>\n\t\t\t\t<\/div>\n\t\t\t\t\t<\/div>\n\t\t<\/div>\n\t\t\t\t<div class=\"elementor-column elementor-col-25 elementor-top-column elementor-element elementor-element-eea95e4\" data-id=\"eea95e4\" data-element_type=\"column\" data-e-type=\"column\">\n\t\t\t<div class=\"elementor-widget-wrap elementor-element-populated\">\n\t\t\t\t\t\t<div class=\"elementor-element elementor-element-d9572aa elementor-widget elementor-widget-image\" data-id=\"d9572aa\" data-element_type=\"widget\" data-e-type=\"widget\" data-widget_type=\"image.default\">\n\t\t\t\t<div class=\"elementor-widget-container\">\n\t\t\t\t\t\t\t\t\t\t\t\t\t\t\t<img loading=\"lazy\" decoding=\"async\" width=\"800\" height=\"600\" src=\"https:\/\/kri-kri-ibex.com\/wp-content\/uploads\/2022\/07\/2021-11-15-08.22.33-1024x768.jpg?v=1658676454\" class=\"attachment-large size-large wp-image-330\" alt=\"\" srcset=\"https:\/\/kri-kri-ibex.com\/wp-content\/uploads\/2022\/07\/2021-11-15-08.22.33-1024x768.jpg?v=1658676454 1024w, https:\/\/kri-kri-ibex.com\/wp-content\/uploads\/2022\/07\/2021-11-15-08.22.33-300x225.jpg?v=1658676454 300w, https:\/\/kri-kri-ibex.com\/wp-content\/uploads\/2022\/07\/2021-11-15-08.22.33-768x576.jpg?v=1658676454 768w, https:\/\/kri-kri-ibex.com\/wp-content\/uploads\/2022\/07\/2021-11-15-08.22.33-1536x1152.jpg?v=1658676454 1536w, https:\/\/kri-kri-ibex.com\/wp-content\/uploads\/2022\/07\/2021-11-15-08.22.33-2048x1536.jpg?v=1658676454 2048w\" sizes=\"(max-width: 800px) 100vw, 800px\" \/>\t\t\t\t\t\t\t\t\t\t\t\t\t\t\t<\/div>\n\t\t\t\t<\/div>\n\t\t\t\t<div class=\"elementor-element elementor-element-6bdeec0 elementor-widget elementor-widget-image\" data-id=\"6bdeec0\" data-element_type=\"widget\" data-e-type=\"widget\" data-widget_type=\"image.default\">\n\t\t\t\t<div class=\"elementor-widget-container\">\n\t\t\t\t\t\t\t\t\t\t\t\t\t\t\t<img loading=\"lazy\" decoding=\"async\" width=\"800\" height=\"600\" src=\"https:\/\/kri-kri-ibex.com\/wp-content\/uploads\/2022\/07\/2021-11-25-13.28.20-1024x768.jpg?v=1658678037\" class=\"attachment-large size-large wp-image-340\" alt=\"\" srcset=\"https:\/\/kri-kri-ibex.com\/wp-content\/uploads\/2022\/07\/2021-11-25-13.28.20-1024x768.jpg?v=1658678037 1024w, https:\/\/kri-kri-ibex.com\/wp-content\/uploads\/2022\/07\/2021-11-25-13.28.20-300x225.jpg?v=1658678037 300w, https:\/\/kri-kri-ibex.com\/wp-content\/uploads\/2022\/07\/2021-11-25-13.28.20-768x576.jpg?v=1658678037 768w, https:\/\/kri-kri-ibex.com\/wp-content\/uploads\/2022\/07\/2021-11-25-13.28.20-1536x1152.jpg?v=1658678037 1536w, https:\/\/kri-kri-ibex.com\/wp-content\/uploads\/2022\/07\/2021-11-25-13.28.20-2048x1536.jpg?v=1658678037 2048w\" sizes=\"(max-width: 800px) 100vw, 800px\" \/>\t\t\t\t\t\t\t\t\t\t\t\t\t\t\t<\/div>\n\t\t\t\t<\/div>\n\t\t\t\t\t<\/div>\n\t\t<\/div>\n\t\t\t\t\t<\/div>\n\t\t<\/section>\n\t\t\t\t<\/div>","protected":false},"excerpt":{"rendered":"<p>Kri kri ibex and mouflon hunting in Greece on Sapientza island Where to hunt kri kri ibex Kri kri ibex hunting and especially hunting in Greece is difficult task. For international hunters hunting big game in Greece is restricted. Wild boars and roe deer are the only alternative for local hunters besides kri kri ibex, [&hellip;]<\/p>\n","protected":false},"author":1,"featured_media":0,"parent":0,"menu_order":0,"comment_status":"closed","ping_status":"closed","template":"elementor_header_footer","meta":{"footnotes":""},"wf_page_folders":[],"class_list":["post-312","page","type-page","status-publish","hentry"],"aioseo_notices":[],"_links":{"self":[{"href":"https:\/\/kri-kri-ibex.com\/pt\/wp-json\/wp\/v2\/pages\/312","targetHints":{"allow":["GET"]}}],"collection":[{"href":"https:\/\/kri-kri-ibex.com\/pt\/wp-json\/wp\/v2\/pages"}],"about":[{"href":"https:\/\/kri-kri-ibex.com\/pt\/wp-json\/wp\/v2\/types\/page"}],"author":[{"embeddable":true,"href":"https:\/\/kri-kri-ibex.com\/pt\/wp-json\/wp\/v2\/users\/1"}],"replies":[{"embeddable":true,"href":"https:\/\/kri-kri-ibex.com\/pt\/wp-json\/wp\/v2\/comments?post=312"}],"version-history":[{"count":24,"href":"https:\/\/kri-kri-ibex.com\/pt\/wp-json\/wp\/v2\/pages\/312\/revisions"}],"predecessor-version":[{"id":1305,"href":"https:\/\/kri-kri-ibex.com\/pt\/wp-json\/wp\/v2\/pages\/312\/revisions\/1305"}],"wp:attachment":[{"href":"https:\/\/kri-kri-ibex.com\/pt\/wp-json\/wp\/v2\/media?parent=312"}],"wp:term":[{"taxonomy":"wf_page_folders","embeddable":true,"href":"https:\/\/kri-kri-ibex.com\/pt\/wp-json\/wp\/v2\/wf_page_folders?post=312"}],"curies":[{"name":"wp","href":"https:\/\/api.w.org\/{rel}","templated":true}]}}