{"id":312,"date":"2022-07-24T12:35:10","date_gmt":"2022-07-24T12:35:10","guid":{"rendered":"https:\/\/kri-kri-ibex.com\/?page_id=312"},"modified":"2022-08-20T08:28:37","modified_gmt":"2022-08-20T08:28:37","slug":"hunting","status":"publish","type":"page","link":"https:\/\/kri-kri-ibex.com\/lt\/medziokle\/","title":{"rendered":"Med\u017eiokl\u0117"},"content":{"rendered":"<div data-elementor-type=\"wp-page\" data-elementor-id=\"312\" class=\"elementor elementor-312\" data-elementor-post-type=\"page\">\n\t\t\t\t\t\t<section class=\"elementor-section elementor-top-section elementor-element elementor-element-3d038ee elementor-section-boxed elementor-section-height-default elementor-section-height-default\" data-id=\"3d038ee\" data-element_type=\"section\" data-e-type=\"section\">\n\t\t\t\t\t\t<div class=\"elementor-container elementor-column-gap-default\">\n\t\t\t\t\t<div class=\"elementor-column elementor-col-100 elementor-top-column elementor-element elementor-element-d1f1c8c\" data-id=\"d1f1c8c\" data-element_type=\"column\" data-e-type=\"column\">\n\t\t\t<div class=\"elementor-widget-wrap elementor-element-populated\">\n\t\t\t\t\t\t<div class=\"elementor-element elementor-element-bfd54f8 elementor-widget elementor-widget-heading\" data-id=\"bfd54f8\" data-element_type=\"widget\" data-e-type=\"widget\" data-widget_type=\"heading.default\">\n\t\t\t\t<div class=\"elementor-widget-container\">\n\t\t\t\t\t<h1 class=\"elementor-heading-title elementor-size-default\">Kri kri ibex ir muflon\u0173 med\u017eiokl\u0117 Graikijoje, Sapientos saloje<\/h1>\t\t\t\t<\/div>\n\t\t\t\t<\/div>\n\t\t\t\t\t<\/div>\n\t\t<\/div>\n\t\t\t\t\t<\/div>\n\t\t<\/section>\n\t\t\t\t<section class=\"elementor-section elementor-top-section elementor-element elementor-element-8ca60e7 elementor-section-boxed elementor-section-height-default elementor-section-height-default\" data-id=\"8ca60e7\" data-element_type=\"section\" data-e-type=\"section\">\n\t\t\t\t\t\t<div class=\"elementor-container elementor-column-gap-default\">\n\t\t\t\t\t<div class=\"elementor-column elementor-col-66 elementor-top-column elementor-element elementor-element-84b3c97\" data-id=\"84b3c97\" data-element_type=\"column\" data-e-type=\"column\">\n\t\t\t<div class=\"elementor-widget-wrap elementor-element-populated\">\n\t\t\t\t\t\t<div class=\"elementor-element elementor-element-a3a028c elementor-widget elementor-widget-heading\" data-id=\"a3a028c\" data-element_type=\"widget\" data-e-type=\"widget\" data-widget_type=\"heading.default\">\n\t\t\t\t<div class=\"elementor-widget-container\">\n\t\t\t\t\t<h2 class=\"elementor-heading-title elementor-size-default\">Kur med\u017eioti kri kri ibex<\/h2>\t\t\t\t<\/div>\n\t\t\t\t<\/div>\n\t\t\t\t<div class=\"elementor-element elementor-element-4687e98 elementor-widget elementor-widget-text-editor\" data-id=\"4687e98\" data-element_type=\"widget\" data-e-type=\"widget\" data-widget_type=\"text-editor.default\">\n\t\t\t\t<div class=\"elementor-widget-container\">\n\t\t\t\t\t\t\t\t\t<p><strong>Kri kri ibex med\u017eiokl\u0117<\/strong> ir ypa\u010d <strong>med\u017eiokl\u0117 Graikijoje<\/strong> yra sud\u0117tinga u\u017eduotis. Tarptautiniams med\u017eiotojams med\u017eiokl\u0117 Graikijoje yra ribojama. \u0160ernai ir stirnos yra vienintel\u0117 alternatyva vietiniams med\u017eiotojams. <strong>kri kri ibex<\/strong>, kuriuos galima med\u017eioti tik kruop\u0161\u010diai saugomose specialiose med\u017eiokl\u0117s teritorijose, pavyzd\u017eiui, tam tikrose salose. Dviejose atskirose salose, esan\u010diose ma\u017edaug u\u017e 150 km \/Atalantai\/ ir 300 km \/Sapientza\/ nuo At\u0117n\u0173, suteikiame galimyb\u0119 med\u017eioti \u0161\u012f nuostab\u0173 padar\u0105. <strong>Kri Kri Kri<\/strong> Ibeksus ir muflonus galima \u0161audyti tik <a href=\"https:\/\/www.whcs.gr\/greece\">special\u016bs med\u017eiokl\u0117s plotai<\/a> nuo ankstyvo ryto iki vidurdienio pagal Graikijos \u012fstatymus. Leid\u017eiama \u0161audyti tik \u0161autuvais ir tik kulkomis. Licencijas reik\u0117t\u0173 u\u017esisakyti bent prie\u0161 metus. Taip siekiama u\u017etikrinti, kad \u012f \u0161ias keliones vykt\u0173 tik rimti med\u017eiotojai. Licencijas i\u0161duoda Graikijos gamtos ir \u017eem\u0117s \u016bkio ministerija, o vyriausyb\u0117 kasmet i\u0161duoda tam tikr\u0105 licencij\u0173 skai\u010di\u0173. \u0160is skai\u010dius n\u0117ra fiksuotas, tod\u0117l jis nuolat kinta priklausomai nuo gyv\u016bn\u0173 populiacijos. Ibeko ragai yra ilgiausi i\u0161 vis\u0173 laukini\u0173 o\u017ek\u0173 (Capra Aegagrus). Kri-Kri yra ma\u017eiausias ibis pagal k\u016bno svor\u012f, bet ne pagal rag\u0173 ilg\u012f (Capra Aegagrus Cretica). Keletas egzempliori\u0173, kurie liko nesuskai\u010diuoti, buvo net 115 cm dyd\u017eio. Auksinio trof\u0117jaus ilgis - 61 cm (24 coliai). . <strong>Kri-Kri geben\u0117s<\/strong> yra <strong>med\u017eiojami Graikijoje<\/strong> \u0161iuo metu. Med\u017eiokl\u0117 galima Atalanti ir Sapientza bei \u017eemynin\u0117je dalyje. Ibex med\u017eiojamas nuo <strong>Atalanti<\/strong> paskutin\u0119 spalio savait\u0119 ir pirm\u0105j\u0105 gruod\u017eio savait\u0119. Svetain\u0117je <strong>Sapientza<\/strong>, med\u017eioti leid\u017eiama vis\u0105 lapkri\u010dio m\u0117nes\u012f, atsi\u017evelgiant \u012f oro s\u0105lygas. \u017demynin\u0117je dalyje med\u017eiokl\u0117s sezonas prasideda rugs\u0117j\u012f ir baigiasi spal\u012f arba lapkrit\u012f.<\/p>\t\t\t\t\t\t\t\t<\/div>\n\t\t\t\t<\/div>\n\t\t\t\t\t<\/div>\n\t\t<\/div>\n\t\t\t\t<div class=\"elementor-column elementor-col-33 elementor-top-column elementor-element elementor-element-29d27af\" data-id=\"29d27af\" data-element_type=\"column\" data-e-type=\"column\">\n\t\t\t<div class=\"elementor-widget-wrap elementor-element-populated\">\n\t\t\t\t\t\t<div class=\"elementor-element elementor-element-2a1f091 elementor-widget elementor-widget-image\" data-id=\"2a1f091\" data-element_type=\"widget\" data-e-type=\"widget\" data-widget_type=\"image.default\">\n\t\t\t\t<div class=\"elementor-widget-container\">\n\t\t\t\t\t\t\t\t\t\t\t\t\t\t\t<img fetchpriority=\"high\" decoding=\"async\" width=\"768\" height=\"1024\" src=\"https:\/\/kri-kri-ibex.com\/wp-content\/uploads\/2022\/07\/2021-11-22-10.49.31-768x1024.jpg?v=1658676822\" class=\"attachment-large size-large wp-image-334\" alt=\"\" srcset=\"https:\/\/kri-kri-ibex.com\/wp-content\/uploads\/2022\/07\/2021-11-22-10.49.31-768x1024.jpg?v=1658676822 768w, https:\/\/kri-kri-ibex.com\/wp-content\/uploads\/2022\/07\/2021-11-22-10.49.31-225x300.jpg?v=1658676822 225w, https:\/\/kri-kri-ibex.com\/wp-content\/uploads\/2022\/07\/2021-11-22-10.49.31-1152x1536.jpg?v=1658676822 1152w, https:\/\/kri-kri-ibex.com\/wp-content\/uploads\/2022\/07\/2021-11-22-10.49.31-1536x2048.jpg?v=1658676822 1536w, https:\/\/kri-kri-ibex.com\/wp-content\/uploads\/2022\/07\/2021-11-22-10.49.31-scaled.jpg?v=1658676822 1920w\" sizes=\"(max-width: 768px) 100vw, 768px\" \/>\t\t\t\t\t\t\t\t\t\t\t\t\t\t\t<\/div>\n\t\t\t\t<\/div>\n\t\t\t\t\t<\/div>\n\t\t<\/div>\n\t\t\t\t\t<\/div>\n\t\t<\/section>\n\t\t\t\t<section class=\"elementor-section elementor-top-section elementor-element elementor-element-bd34e03 elementor-section-boxed elementor-section-height-default elementor-section-height-default\" data-id=\"bd34e03\" data-element_type=\"section\" data-e-type=\"section\">\n\t\t\t\t\t\t<div class=\"elementor-container elementor-column-gap-default\">\n\t\t\t\t\t<div class=\"elementor-column elementor-col-25 elementor-top-column elementor-element elementor-element-8361188\" data-id=\"8361188\" data-element_type=\"column\" data-e-type=\"column\">\n\t\t\t<div class=\"elementor-widget-wrap elementor-element-populated\">\n\t\t\t\t\t\t<div class=\"elementor-element elementor-element-0e51e77 elementor-widget elementor-widget-image\" data-id=\"0e51e77\" data-element_type=\"widget\" data-e-type=\"widget\" data-widget_type=\"image.default\">\n\t\t\t\t<div class=\"elementor-widget-container\">\n\t\t\t\t\t\t\t\t\t\t\t\t\t\t\t<img decoding=\"async\" width=\"800\" height=\"600\" src=\"https:\/\/kri-kri-ibex.com\/wp-content\/uploads\/2022\/07\/2021-11-17-09.36.38-1024x768.jpg?v=1658676661\" class=\"attachment-large size-large wp-image-331\" alt=\"\" srcset=\"https:\/\/kri-kri-ibex.com\/wp-content\/uploads\/2022\/07\/2021-11-17-09.36.38-1024x768.jpg?v=1658676661 1024w, https:\/\/kri-kri-ibex.com\/wp-content\/uploads\/2022\/07\/2021-11-17-09.36.38-300x225.jpg?v=1658676661 300w, https:\/\/kri-kri-ibex.com\/wp-content\/uploads\/2022\/07\/2021-11-17-09.36.38-768x576.jpg?v=1658676661 768w, https:\/\/kri-kri-ibex.com\/wp-content\/uploads\/2022\/07\/2021-11-17-09.36.38-1536x1152.jpg?v=1658676661 1536w, https:\/\/kri-kri-ibex.com\/wp-content\/uploads\/2022\/07\/2021-11-17-09.36.38-2048x1536.jpg?v=1658676661 2048w\" sizes=\"(max-width: 800px) 100vw, 800px\" \/>\t\t\t\t\t\t\t\t\t\t\t\t\t\t\t<\/div>\n\t\t\t\t<\/div>\n\t\t\t\t<div class=\"elementor-element elementor-element-3ecb2ea elementor-widget elementor-widget-image\" data-id=\"3ecb2ea\" data-element_type=\"widget\" data-e-type=\"widget\" data-widget_type=\"image.default\">\n\t\t\t\t<div class=\"elementor-widget-container\">\n\t\t\t\t\t\t\t\t\t\t\t\t\t\t\t<img decoding=\"async\" width=\"800\" height=\"600\" src=\"https:\/\/kri-kri-ibex.com\/wp-content\/uploads\/2022\/07\/2021-11-22-15.07.41-1024x768.jpg?v=1658677663\" class=\"attachment-large size-large wp-image-337\" alt=\"\" srcset=\"https:\/\/kri-kri-ibex.com\/wp-content\/uploads\/2022\/07\/2021-11-22-15.07.41-1024x768.jpg?v=1658677663 1024w, https:\/\/kri-kri-ibex.com\/wp-content\/uploads\/2022\/07\/2021-11-22-15.07.41-300x225.jpg?v=1658677663 300w, https:\/\/kri-kri-ibex.com\/wp-content\/uploads\/2022\/07\/2021-11-22-15.07.41-768x576.jpg?v=1658677663 768w, https:\/\/kri-kri-ibex.com\/wp-content\/uploads\/2022\/07\/2021-11-22-15.07.41-1536x1152.jpg?v=1658677663 1536w, https:\/\/kri-kri-ibex.com\/wp-content\/uploads\/2022\/07\/2021-11-22-15.07.41-2048x1536.jpg?v=1658677663 2048w\" sizes=\"(max-width: 800px) 100vw, 800px\" \/>\t\t\t\t\t\t\t\t\t\t\t\t\t\t\t<\/div>\n\t\t\t\t<\/div>\n\t\t\t\t\t<\/div>\n\t\t<\/div>\n\t\t\t\t<div class=\"elementor-column elementor-col-25 elementor-top-column elementor-element elementor-element-bf3b997\" data-id=\"bf3b997\" data-element_type=\"column\" data-e-type=\"column\">\n\t\t\t<div class=\"elementor-widget-wrap elementor-element-populated\">\n\t\t\t\t\t\t<div class=\"elementor-element elementor-element-02488f7 elementor-widget elementor-widget-image\" data-id=\"02488f7\" data-element_type=\"widget\" data-e-type=\"widget\" data-widget_type=\"image.default\">\n\t\t\t\t<div class=\"elementor-widget-container\">\n\t\t\t\t\t\t\t\t\t\t\t\t\t\t\t<img loading=\"lazy\" decoding=\"async\" width=\"800\" height=\"600\" src=\"https:\/\/kri-kri-ibex.com\/wp-content\/uploads\/2022\/07\/2021-11-22-10.49.07-1024x768.jpg?v=1658676794\" class=\"attachment-large size-large wp-image-333\" alt=\"\" srcset=\"https:\/\/kri-kri-ibex.com\/wp-content\/uploads\/2022\/07\/2021-11-22-10.49.07-1024x768.jpg?v=1658676794 1024w, https:\/\/kri-kri-ibex.com\/wp-content\/uploads\/2022\/07\/2021-11-22-10.49.07-300x225.jpg?v=1658676794 300w, https:\/\/kri-kri-ibex.com\/wp-content\/uploads\/2022\/07\/2021-11-22-10.49.07-768x576.jpg?v=1658676794 768w, https:\/\/kri-kri-ibex.com\/wp-content\/uploads\/2022\/07\/2021-11-22-10.49.07-1536x1152.jpg?v=1658676794 1536w, https:\/\/kri-kri-ibex.com\/wp-content\/uploads\/2022\/07\/2021-11-22-10.49.07-2048x1536.jpg?v=1658676794 2048w\" sizes=\"(max-width: 800px) 100vw, 800px\" \/>\t\t\t\t\t\t\t\t\t\t\t\t\t\t\t<\/div>\n\t\t\t\t<\/div>\n\t\t\t\t<div class=\"elementor-element elementor-element-0eb7a38 elementor-widget elementor-widget-image\" data-id=\"0eb7a38\" data-element_type=\"widget\" data-e-type=\"widget\" data-widget_type=\"image.default\">\n\t\t\t\t<div class=\"elementor-widget-container\">\n\t\t\t\t\t\t\t\t\t\t\t\t\t\t\t<img loading=\"lazy\" decoding=\"async\" width=\"800\" height=\"600\" src=\"https:\/\/kri-kri-ibex.com\/wp-content\/uploads\/2022\/07\/2021-11-22-13.03.30-1024x768.jpg?v=1658677601\" class=\"attachment-large size-large wp-image-335\" alt=\"\" srcset=\"https:\/\/kri-kri-ibex.com\/wp-content\/uploads\/2022\/07\/2021-11-22-13.03.30-1024x768.jpg?v=1658677601 1024w, https:\/\/kri-kri-ibex.com\/wp-content\/uploads\/2022\/07\/2021-11-22-13.03.30-300x225.jpg?v=1658677601 300w, https:\/\/kri-kri-ibex.com\/wp-content\/uploads\/2022\/07\/2021-11-22-13.03.30-768x576.jpg?v=1658677601 768w, https:\/\/kri-kri-ibex.com\/wp-content\/uploads\/2022\/07\/2021-11-22-13.03.30-1536x1152.jpg?v=1658677601 1536w, https:\/\/kri-kri-ibex.com\/wp-content\/uploads\/2022\/07\/2021-11-22-13.03.30-2048x1536.jpg?v=1658677601 2048w\" sizes=\"(max-width: 800px) 100vw, 800px\" \/>\t\t\t\t\t\t\t\t\t\t\t\t\t\t\t<\/div>\n\t\t\t\t<\/div>\n\t\t\t\t\t<\/div>\n\t\t<\/div>\n\t\t\t\t<div class=\"elementor-column elementor-col-25 elementor-top-column elementor-element elementor-element-77e4fd6\" data-id=\"77e4fd6\" data-element_type=\"column\" data-e-type=\"column\">\n\t\t\t<div class=\"elementor-widget-wrap elementor-element-populated\">\n\t\t\t\t\t\t<div class=\"elementor-element elementor-element-b80da53 elementor-widget elementor-widget-image\" data-id=\"b80da53\" data-element_type=\"widget\" data-e-type=\"widget\" data-widget_type=\"image.default\">\n\t\t\t\t<div class=\"elementor-widget-container\">\n\t\t\t\t\t\t\t\t\t\t\t\t\t\t\t<img loading=\"lazy\" decoding=\"async\" width=\"800\" height=\"600\" src=\"https:\/\/kri-kri-ibex.com\/wp-content\/uploads\/2022\/07\/2021-11-18-08.39.42-1024x768.jpg?v=1658676725\" class=\"attachment-large size-large wp-image-332\" alt=\"\" srcset=\"https:\/\/kri-kri-ibex.com\/wp-content\/uploads\/2022\/07\/2021-11-18-08.39.42-1024x768.jpg?v=1658676725 1024w, https:\/\/kri-kri-ibex.com\/wp-content\/uploads\/2022\/07\/2021-11-18-08.39.42-300x225.jpg?v=1658676725 300w, https:\/\/kri-kri-ibex.com\/wp-content\/uploads\/2022\/07\/2021-11-18-08.39.42-768x576.jpg?v=1658676725 768w, https:\/\/kri-kri-ibex.com\/wp-content\/uploads\/2022\/07\/2021-11-18-08.39.42-1536x1152.jpg?v=1658676725 1536w, https:\/\/kri-kri-ibex.com\/wp-content\/uploads\/2022\/07\/2021-11-18-08.39.42-2048x1536.jpg?v=1658676725 2048w\" sizes=\"(max-width: 800px) 100vw, 800px\" \/>\t\t\t\t\t\t\t\t\t\t\t\t\t\t\t<\/div>\n\t\t\t\t<\/div>\n\t\t\t\t<div class=\"elementor-element elementor-element-7517054 elementor-widget elementor-widget-image\" data-id=\"7517054\" data-element_type=\"widget\" data-e-type=\"widget\" data-widget_type=\"image.default\">\n\t\t\t\t<div class=\"elementor-widget-container\">\n\t\t\t\t\t\t\t\t\t\t\t\t\t\t\t<img loading=\"lazy\" decoding=\"async\" width=\"800\" height=\"600\" src=\"https:\/\/kri-kri-ibex.com\/wp-content\/uploads\/2022\/07\/2021-11-24-07.42.08-1024x768.jpg?v=1658677781\" class=\"attachment-large size-large wp-image-338\" alt=\"\" srcset=\"https:\/\/kri-kri-ibex.com\/wp-content\/uploads\/2022\/07\/2021-11-24-07.42.08-1024x768.jpg?v=1658677781 1024w, https:\/\/kri-kri-ibex.com\/wp-content\/uploads\/2022\/07\/2021-11-24-07.42.08-300x225.jpg?v=1658677781 300w, https:\/\/kri-kri-ibex.com\/wp-content\/uploads\/2022\/07\/2021-11-24-07.42.08-768x576.jpg?v=1658677781 768w, https:\/\/kri-kri-ibex.com\/wp-content\/uploads\/2022\/07\/2021-11-24-07.42.08-1536x1152.jpg?v=1658677781 1536w, https:\/\/kri-kri-ibex.com\/wp-content\/uploads\/2022\/07\/2021-11-24-07.42.08-2048x1536.jpg?v=1658677781 2048w\" sizes=\"(max-width: 800px) 100vw, 800px\" \/>\t\t\t\t\t\t\t\t\t\t\t\t\t\t\t<\/div>\n\t\t\t\t<\/div>\n\t\t\t\t\t<\/div>\n\t\t<\/div>\n\t\t\t\t<div class=\"elementor-column elementor-col-25 elementor-top-column elementor-element elementor-element-eea95e4\" data-id=\"eea95e4\" data-element_type=\"column\" data-e-type=\"column\">\n\t\t\t<div class=\"elementor-widget-wrap elementor-element-populated\">\n\t\t\t\t\t\t<div class=\"elementor-element elementor-element-d9572aa elementor-widget elementor-widget-image\" data-id=\"d9572aa\" data-element_type=\"widget\" data-e-type=\"widget\" data-widget_type=\"image.default\">\n\t\t\t\t<div class=\"elementor-widget-container\">\n\t\t\t\t\t\t\t\t\t\t\t\t\t\t\t<img loading=\"lazy\" decoding=\"async\" width=\"800\" height=\"600\" src=\"https:\/\/kri-kri-ibex.com\/wp-content\/uploads\/2022\/07\/2021-11-15-08.22.33-1024x768.jpg?v=1658676454\" class=\"attachment-large size-large wp-image-330\" alt=\"\" srcset=\"https:\/\/kri-kri-ibex.com\/wp-content\/uploads\/2022\/07\/2021-11-15-08.22.33-1024x768.jpg?v=1658676454 1024w, https:\/\/kri-kri-ibex.com\/wp-content\/uploads\/2022\/07\/2021-11-15-08.22.33-300x225.jpg?v=1658676454 300w, https:\/\/kri-kri-ibex.com\/wp-content\/uploads\/2022\/07\/2021-11-15-08.22.33-768x576.jpg?v=1658676454 768w, https:\/\/kri-kri-ibex.com\/wp-content\/uploads\/2022\/07\/2021-11-15-08.22.33-1536x1152.jpg?v=1658676454 1536w, https:\/\/kri-kri-ibex.com\/wp-content\/uploads\/2022\/07\/2021-11-15-08.22.33-2048x1536.jpg?v=1658676454 2048w\" sizes=\"(max-width: 800px) 100vw, 800px\" \/>\t\t\t\t\t\t\t\t\t\t\t\t\t\t\t<\/div>\n\t\t\t\t<\/div>\n\t\t\t\t<div class=\"elementor-element elementor-element-6bdeec0 elementor-widget elementor-widget-image\" data-id=\"6bdeec0\" data-element_type=\"widget\" data-e-type=\"widget\" data-widget_type=\"image.default\">\n\t\t\t\t<div class=\"elementor-widget-container\">\n\t\t\t\t\t\t\t\t\t\t\t\t\t\t\t<img loading=\"lazy\" decoding=\"async\" width=\"800\" height=\"600\" src=\"https:\/\/kri-kri-ibex.com\/wp-content\/uploads\/2022\/07\/2021-11-25-13.28.20-1024x768.jpg?v=1658678037\" class=\"attachment-large size-large wp-image-340\" alt=\"\" srcset=\"https:\/\/kri-kri-ibex.com\/wp-content\/uploads\/2022\/07\/2021-11-25-13.28.20-1024x768.jpg?v=1658678037 1024w, https:\/\/kri-kri-ibex.com\/wp-content\/uploads\/2022\/07\/2021-11-25-13.28.20-300x225.jpg?v=1658678037 300w, https:\/\/kri-kri-ibex.com\/wp-content\/uploads\/2022\/07\/2021-11-25-13.28.20-768x576.jpg?v=1658678037 768w, https:\/\/kri-kri-ibex.com\/wp-content\/uploads\/2022\/07\/2021-11-25-13.28.20-1536x1152.jpg?v=1658678037 1536w, https:\/\/kri-kri-ibex.com\/wp-content\/uploads\/2022\/07\/2021-11-25-13.28.20-2048x1536.jpg?v=1658678037 2048w\" sizes=\"(max-width: 800px) 100vw, 800px\" \/>\t\t\t\t\t\t\t\t\t\t\t\t\t\t\t<\/div>\n\t\t\t\t<\/div>\n\t\t\t\t\t<\/div>\n\t\t<\/div>\n\t\t\t\t\t<\/div>\n\t\t<\/section>\n\t\t\t\t<\/div>","protected":false},"excerpt":{"rendered":"<p>Kri kri ibex and mouflon hunting in Greece on Sapientza island Where to hunt kri kri ibex Kri kri ibex hunting and especially hunting in Greece is difficult task. For international hunters hunting big game in Greece is restricted. Wild boars and roe deer are the only alternative for local hunters besides kri kri ibex, [&hellip;]<\/p>\n","protected":false},"author":1,"featured_media":0,"parent":0,"menu_order":0,"comment_status":"closed","ping_status":"closed","template":"elementor_header_footer","meta":{"footnotes":""},"wf_page_folders":[],"class_list":["post-312","page","type-page","status-publish","hentry"],"aioseo_notices":[],"_links":{"self":[{"href":"https:\/\/kri-kri-ibex.com\/lt\/wp-json\/wp\/v2\/pages\/312","targetHints":{"allow":["GET"]}}],"collection":[{"href":"https:\/\/kri-kri-ibex.com\/lt\/wp-json\/wp\/v2\/pages"}],"about":[{"href":"https:\/\/kri-kri-ibex.com\/lt\/wp-json\/wp\/v2\/types\/page"}],"author":[{"embeddable":true,"href":"https:\/\/kri-kri-ibex.com\/lt\/wp-json\/wp\/v2\/users\/1"}],"replies":[{"embeddable":true,"href":"https:\/\/kri-kri-ibex.com\/lt\/wp-json\/wp\/v2\/comments?post=312"}],"version-history":[{"count":24,"href":"https:\/\/kri-kri-ibex.com\/lt\/wp-json\/wp\/v2\/pages\/312\/revisions"}],"predecessor-version":[{"id":1305,"href":"https:\/\/kri-kri-ibex.com\/lt\/wp-json\/wp\/v2\/pages\/312\/revisions\/1305"}],"wp:attachment":[{"href":"https:\/\/kri-kri-ibex.com\/lt\/wp-json\/wp\/v2\/media?parent=312"}],"wp:term":[{"taxonomy":"wf_page_folders","embeddable":true,"href":"https:\/\/kri-kri-ibex.com\/lt\/wp-json\/wp\/v2\/wf_page_folders?post=312"}],"curies":[{"name":"wp","href":"https:\/\/api.w.org\/{rel}","templated":true}]}}