{"id":312,"date":"2022-07-24T12:35:10","date_gmt":"2022-07-24T12:35:10","guid":{"rendered":"https:\/\/kri-kri-ibex.com\/?page_id=312"},"modified":"2022-08-20T08:28:37","modified_gmt":"2022-08-20T08:28:37","slug":"hunting","status":"publish","type":"page","link":"https:\/\/kri-kri-ibex.com\/fr\/chasse\/","title":{"rendered":"Chasse"},"content":{"rendered":"<div data-elementor-type=\"wp-page\" data-elementor-id=\"312\" class=\"elementor elementor-312\" data-elementor-post-type=\"page\">\n\t\t\t\t\t\t<section class=\"elementor-section elementor-top-section elementor-element elementor-element-3d038ee elementor-section-boxed elementor-section-height-default elementor-section-height-default\" data-id=\"3d038ee\" data-element_type=\"section\" data-e-type=\"section\">\n\t\t\t\t\t\t<div class=\"elementor-container elementor-column-gap-default\">\n\t\t\t\t\t<div class=\"elementor-column elementor-col-100 elementor-top-column elementor-element elementor-element-d1f1c8c\" data-id=\"d1f1c8c\" data-element_type=\"column\" data-e-type=\"column\">\n\t\t\t<div class=\"elementor-widget-wrap elementor-element-populated\">\n\t\t\t\t\t\t<div class=\"elementor-element elementor-element-bfd54f8 elementor-widget elementor-widget-heading\" data-id=\"bfd54f8\" data-element_type=\"widget\" data-e-type=\"widget\" data-widget_type=\"heading.default\">\n\t\t\t\t<div class=\"elementor-widget-container\">\n\t\t\t\t\t<h1 class=\"elementor-heading-title elementor-size-default\">Chasse au bouquetin et au mouflon Kri kri en Gr\u00e8ce sur l'\u00eele de Sapientza<\/h1>\t\t\t\t<\/div>\n\t\t\t\t<\/div>\n\t\t\t\t\t<\/div>\n\t\t<\/div>\n\t\t\t\t\t<\/div>\n\t\t<\/section>\n\t\t\t\t<section class=\"elementor-section elementor-top-section elementor-element elementor-element-8ca60e7 elementor-section-boxed elementor-section-height-default elementor-section-height-default\" data-id=\"8ca60e7\" data-element_type=\"section\" data-e-type=\"section\">\n\t\t\t\t\t\t<div class=\"elementor-container elementor-column-gap-default\">\n\t\t\t\t\t<div class=\"elementor-column elementor-col-66 elementor-top-column elementor-element elementor-element-84b3c97\" data-id=\"84b3c97\" data-element_type=\"column\" data-e-type=\"column\">\n\t\t\t<div class=\"elementor-widget-wrap elementor-element-populated\">\n\t\t\t\t\t\t<div class=\"elementor-element elementor-element-a3a028c elementor-widget elementor-widget-heading\" data-id=\"a3a028c\" data-element_type=\"widget\" data-e-type=\"widget\" data-widget_type=\"heading.default\">\n\t\t\t\t<div class=\"elementor-widget-container\">\n\t\t\t\t\t<h2 class=\"elementor-heading-title elementor-size-default\">O\u00f9 chasser le bouquetin kri kri<\/h2>\t\t\t\t<\/div>\n\t\t\t\t<\/div>\n\t\t\t\t<div class=\"elementor-element elementor-element-4687e98 elementor-widget elementor-widget-text-editor\" data-id=\"4687e98\" data-element_type=\"widget\" data-e-type=\"widget\" data-widget_type=\"text-editor.default\">\n\t\t\t\t<div class=\"elementor-widget-container\">\n\t\t\t\t\t\t\t\t\t<p><strong>Chasse au bouquetin Kri kri<\/strong> et surtout <strong>la chasse en Gr\u00e8ce<\/strong> est une t\u00e2che difficile. Pour les chasseurs internationaux, la chasse au grand gibier en Gr\u00e8ce est limit\u00e9e. Les sangliers et les chevreuils sont la seule alternative pour les chasseurs locaux. <strong>kri kri ibex<\/strong>Cette cr\u00e9ature magnifique ne peut \u00eatre chass\u00e9e que dans des territoires de chasse sp\u00e9ciaux soigneusement gard\u00e9s, tels que certaines \u00eeles. Sur deux \u00eeles distinctes, \u00e0 environ 150 kilom\u00e8tres \/Atalanty\/ et 300 kilom\u00e8tres \/Sapientza\/ d'Ath\u00e8nes, nous offrons la possibilit\u00e9 de chasser cette magnifique cr\u00e9ature. <strong>Le Kri Kri<\/strong> Le bouquetin et le mouflon ne peuvent \u00eatre tir\u00e9s que sur <a href=\"https:\/\/www.whcs.gr\/greece\">zones de chasse sp\u00e9ciales<\/a> de t\u00f4t le matin jusqu'\u00e0 midi, conform\u00e9ment \u00e0 la loi grecque. Seuls les fusils de chasse sont autoris\u00e9s, et seules les balles de chasse peuvent \u00eatre utilis\u00e9es. Il est conseill\u00e9 de r\u00e9server les permis au moins un an \u00e0 l'avance. Cela permet de s'assurer que seuls les chasseurs s\u00e9rieux sont autoris\u00e9s \u00e0 participer \u00e0 ces excursions. Les permis sont d\u00e9livr\u00e9s par le minist\u00e8re grec de la Nature et de l'Agriculture et le gouvernement d\u00e9livre un certain nombre de permis chaque ann\u00e9e. Ce nombre n'est pas fixe et fluctue en fonction de la population de l'animal. Les cornes du bouquetin sont les plus longues de toutes les ch\u00e8vres sauvages (Capra Aegagrus). Le Kri-Kri est le plus petit bouquetin en termes de poids, mais pas en termes de longueur des cornes (Capra Aegagrus Cretica). Quelques sp\u00e9cimens qui n'ont pas \u00e9t\u00e9 compt\u00e9s mesuraient jusqu'\u00e0 115 cm. Le troph\u00e9e d'or mesure 61 cm de long. Le troph\u00e9e d'or mesure 61 cm de long. <strong>Les bouquetins Kri-Kri<\/strong> sont <strong>chass\u00e9 en Gr\u00e8ce<\/strong> \u00e0 l'heure actuelle. La chasse est possible sur Atalanti et Sapientza ainsi que sur le continent. Un bouquetin est chass\u00e9 \u00e0 partir du <strong>Atalanti<\/strong> au cours de la derni\u00e8re semaine d'octobre et de la premi\u00e8re semaine de d\u00e9cembre. Au cours de l'ann\u00e9e <strong>Sapientza<\/strong>Sur le continent, la chasse est autoris\u00e9e pendant tout le mois de novembre, en fonction des conditions m\u00e9t\u00e9orologiques. Sur le continent, la saison de chasse commence en septembre et se termine en octobre ou novembre.<\/p>\t\t\t\t\t\t\t\t<\/div>\n\t\t\t\t<\/div>\n\t\t\t\t\t<\/div>\n\t\t<\/div>\n\t\t\t\t<div class=\"elementor-column elementor-col-33 elementor-top-column elementor-element elementor-element-29d27af\" data-id=\"29d27af\" data-element_type=\"column\" data-e-type=\"column\">\n\t\t\t<div class=\"elementor-widget-wrap elementor-element-populated\">\n\t\t\t\t\t\t<div class=\"elementor-element elementor-element-2a1f091 elementor-widget elementor-widget-image\" data-id=\"2a1f091\" data-element_type=\"widget\" data-e-type=\"widget\" data-widget_type=\"image.default\">\n\t\t\t\t<div class=\"elementor-widget-container\">\n\t\t\t\t\t\t\t\t\t\t\t\t\t\t\t<img fetchpriority=\"high\" decoding=\"async\" width=\"768\" height=\"1024\" src=\"https:\/\/kri-kri-ibex.com\/wp-content\/uploads\/2022\/07\/2021-11-22-10.49.31-768x1024.jpg?v=1658676822\" class=\"attachment-large size-large wp-image-334\" alt=\"\" srcset=\"https:\/\/kri-kri-ibex.com\/wp-content\/uploads\/2022\/07\/2021-11-22-10.49.31-768x1024.jpg?v=1658676822 768w, https:\/\/kri-kri-ibex.com\/wp-content\/uploads\/2022\/07\/2021-11-22-10.49.31-225x300.jpg?v=1658676822 225w, https:\/\/kri-kri-ibex.com\/wp-content\/uploads\/2022\/07\/2021-11-22-10.49.31-1152x1536.jpg?v=1658676822 1152w, https:\/\/kri-kri-ibex.com\/wp-content\/uploads\/2022\/07\/2021-11-22-10.49.31-1536x2048.jpg?v=1658676822 1536w, https:\/\/kri-kri-ibex.com\/wp-content\/uploads\/2022\/07\/2021-11-22-10.49.31-scaled.jpg?v=1658676822 1920w\" sizes=\"(max-width: 768px) 100vw, 768px\" \/>\t\t\t\t\t\t\t\t\t\t\t\t\t\t\t<\/div>\n\t\t\t\t<\/div>\n\t\t\t\t\t<\/div>\n\t\t<\/div>\n\t\t\t\t\t<\/div>\n\t\t<\/section>\n\t\t\t\t<section class=\"elementor-section elementor-top-section elementor-element elementor-element-bd34e03 elementor-section-boxed elementor-section-height-default elementor-section-height-default\" data-id=\"bd34e03\" data-element_type=\"section\" data-e-type=\"section\">\n\t\t\t\t\t\t<div class=\"elementor-container elementor-column-gap-default\">\n\t\t\t\t\t<div class=\"elementor-column elementor-col-25 elementor-top-column elementor-element elementor-element-8361188\" data-id=\"8361188\" data-element_type=\"column\" data-e-type=\"column\">\n\t\t\t<div class=\"elementor-widget-wrap elementor-element-populated\">\n\t\t\t\t\t\t<div class=\"elementor-element elementor-element-0e51e77 elementor-widget elementor-widget-image\" data-id=\"0e51e77\" data-element_type=\"widget\" data-e-type=\"widget\" data-widget_type=\"image.default\">\n\t\t\t\t<div class=\"elementor-widget-container\">\n\t\t\t\t\t\t\t\t\t\t\t\t\t\t\t<img decoding=\"async\" width=\"800\" height=\"600\" src=\"https:\/\/kri-kri-ibex.com\/wp-content\/uploads\/2022\/07\/2021-11-17-09.36.38-1024x768.jpg?v=1658676661\" class=\"attachment-large size-large wp-image-331\" alt=\"\" srcset=\"https:\/\/kri-kri-ibex.com\/wp-content\/uploads\/2022\/07\/2021-11-17-09.36.38-1024x768.jpg?v=1658676661 1024w, https:\/\/kri-kri-ibex.com\/wp-content\/uploads\/2022\/07\/2021-11-17-09.36.38-300x225.jpg?v=1658676661 300w, https:\/\/kri-kri-ibex.com\/wp-content\/uploads\/2022\/07\/2021-11-17-09.36.38-768x576.jpg?v=1658676661 768w, https:\/\/kri-kri-ibex.com\/wp-content\/uploads\/2022\/07\/2021-11-17-09.36.38-1536x1152.jpg?v=1658676661 1536w, https:\/\/kri-kri-ibex.com\/wp-content\/uploads\/2022\/07\/2021-11-17-09.36.38-2048x1536.jpg?v=1658676661 2048w\" sizes=\"(max-width: 800px) 100vw, 800px\" \/>\t\t\t\t\t\t\t\t\t\t\t\t\t\t\t<\/div>\n\t\t\t\t<\/div>\n\t\t\t\t<div class=\"elementor-element elementor-element-3ecb2ea elementor-widget elementor-widget-image\" data-id=\"3ecb2ea\" data-element_type=\"widget\" data-e-type=\"widget\" data-widget_type=\"image.default\">\n\t\t\t\t<div class=\"elementor-widget-container\">\n\t\t\t\t\t\t\t\t\t\t\t\t\t\t\t<img decoding=\"async\" width=\"800\" height=\"600\" src=\"https:\/\/kri-kri-ibex.com\/wp-content\/uploads\/2022\/07\/2021-11-22-15.07.41-1024x768.jpg?v=1658677663\" class=\"attachment-large size-large wp-image-337\" alt=\"\" srcset=\"https:\/\/kri-kri-ibex.com\/wp-content\/uploads\/2022\/07\/2021-11-22-15.07.41-1024x768.jpg?v=1658677663 1024w, https:\/\/kri-kri-ibex.com\/wp-content\/uploads\/2022\/07\/2021-11-22-15.07.41-300x225.jpg?v=1658677663 300w, https:\/\/kri-kri-ibex.com\/wp-content\/uploads\/2022\/07\/2021-11-22-15.07.41-768x576.jpg?v=1658677663 768w, https:\/\/kri-kri-ibex.com\/wp-content\/uploads\/2022\/07\/2021-11-22-15.07.41-1536x1152.jpg?v=1658677663 1536w, https:\/\/kri-kri-ibex.com\/wp-content\/uploads\/2022\/07\/2021-11-22-15.07.41-2048x1536.jpg?v=1658677663 2048w\" sizes=\"(max-width: 800px) 100vw, 800px\" \/>\t\t\t\t\t\t\t\t\t\t\t\t\t\t\t<\/div>\n\t\t\t\t<\/div>\n\t\t\t\t\t<\/div>\n\t\t<\/div>\n\t\t\t\t<div class=\"elementor-column elementor-col-25 elementor-top-column elementor-element elementor-element-bf3b997\" data-id=\"bf3b997\" data-element_type=\"column\" data-e-type=\"column\">\n\t\t\t<div class=\"elementor-widget-wrap elementor-element-populated\">\n\t\t\t\t\t\t<div class=\"elementor-element elementor-element-02488f7 elementor-widget elementor-widget-image\" data-id=\"02488f7\" data-element_type=\"widget\" data-e-type=\"widget\" data-widget_type=\"image.default\">\n\t\t\t\t<div class=\"elementor-widget-container\">\n\t\t\t\t\t\t\t\t\t\t\t\t\t\t\t<img loading=\"lazy\" decoding=\"async\" width=\"800\" height=\"600\" src=\"https:\/\/kri-kri-ibex.com\/wp-content\/uploads\/2022\/07\/2021-11-22-10.49.07-1024x768.jpg?v=1658676794\" class=\"attachment-large size-large wp-image-333\" alt=\"\" srcset=\"https:\/\/kri-kri-ibex.com\/wp-content\/uploads\/2022\/07\/2021-11-22-10.49.07-1024x768.jpg?v=1658676794 1024w, https:\/\/kri-kri-ibex.com\/wp-content\/uploads\/2022\/07\/2021-11-22-10.49.07-300x225.jpg?v=1658676794 300w, https:\/\/kri-kri-ibex.com\/wp-content\/uploads\/2022\/07\/2021-11-22-10.49.07-768x576.jpg?v=1658676794 768w, https:\/\/kri-kri-ibex.com\/wp-content\/uploads\/2022\/07\/2021-11-22-10.49.07-1536x1152.jpg?v=1658676794 1536w, https:\/\/kri-kri-ibex.com\/wp-content\/uploads\/2022\/07\/2021-11-22-10.49.07-2048x1536.jpg?v=1658676794 2048w\" sizes=\"(max-width: 800px) 100vw, 800px\" \/>\t\t\t\t\t\t\t\t\t\t\t\t\t\t\t<\/div>\n\t\t\t\t<\/div>\n\t\t\t\t<div class=\"elementor-element elementor-element-0eb7a38 elementor-widget elementor-widget-image\" data-id=\"0eb7a38\" data-element_type=\"widget\" data-e-type=\"widget\" data-widget_type=\"image.default\">\n\t\t\t\t<div class=\"elementor-widget-container\">\n\t\t\t\t\t\t\t\t\t\t\t\t\t\t\t<img loading=\"lazy\" decoding=\"async\" width=\"800\" height=\"600\" src=\"https:\/\/kri-kri-ibex.com\/wp-content\/uploads\/2022\/07\/2021-11-22-13.03.30-1024x768.jpg?v=1658677601\" class=\"attachment-large size-large wp-image-335\" alt=\"\" srcset=\"https:\/\/kri-kri-ibex.com\/wp-content\/uploads\/2022\/07\/2021-11-22-13.03.30-1024x768.jpg?v=1658677601 1024w, https:\/\/kri-kri-ibex.com\/wp-content\/uploads\/2022\/07\/2021-11-22-13.03.30-300x225.jpg?v=1658677601 300w, https:\/\/kri-kri-ibex.com\/wp-content\/uploads\/2022\/07\/2021-11-22-13.03.30-768x576.jpg?v=1658677601 768w, https:\/\/kri-kri-ibex.com\/wp-content\/uploads\/2022\/07\/2021-11-22-13.03.30-1536x1152.jpg?v=1658677601 1536w, https:\/\/kri-kri-ibex.com\/wp-content\/uploads\/2022\/07\/2021-11-22-13.03.30-2048x1536.jpg?v=1658677601 2048w\" sizes=\"(max-width: 800px) 100vw, 800px\" \/>\t\t\t\t\t\t\t\t\t\t\t\t\t\t\t<\/div>\n\t\t\t\t<\/div>\n\t\t\t\t\t<\/div>\n\t\t<\/div>\n\t\t\t\t<div class=\"elementor-column elementor-col-25 elementor-top-column elementor-element elementor-element-77e4fd6\" data-id=\"77e4fd6\" data-element_type=\"column\" data-e-type=\"column\">\n\t\t\t<div class=\"elementor-widget-wrap elementor-element-populated\">\n\t\t\t\t\t\t<div class=\"elementor-element elementor-element-b80da53 elementor-widget elementor-widget-image\" data-id=\"b80da53\" data-element_type=\"widget\" data-e-type=\"widget\" data-widget_type=\"image.default\">\n\t\t\t\t<div class=\"elementor-widget-container\">\n\t\t\t\t\t\t\t\t\t\t\t\t\t\t\t<img loading=\"lazy\" decoding=\"async\" width=\"800\" height=\"600\" src=\"https:\/\/kri-kri-ibex.com\/wp-content\/uploads\/2022\/07\/2021-11-18-08.39.42-1024x768.jpg?v=1658676725\" class=\"attachment-large size-large wp-image-332\" alt=\"\" srcset=\"https:\/\/kri-kri-ibex.com\/wp-content\/uploads\/2022\/07\/2021-11-18-08.39.42-1024x768.jpg?v=1658676725 1024w, https:\/\/kri-kri-ibex.com\/wp-content\/uploads\/2022\/07\/2021-11-18-08.39.42-300x225.jpg?v=1658676725 300w, https:\/\/kri-kri-ibex.com\/wp-content\/uploads\/2022\/07\/2021-11-18-08.39.42-768x576.jpg?v=1658676725 768w, https:\/\/kri-kri-ibex.com\/wp-content\/uploads\/2022\/07\/2021-11-18-08.39.42-1536x1152.jpg?v=1658676725 1536w, https:\/\/kri-kri-ibex.com\/wp-content\/uploads\/2022\/07\/2021-11-18-08.39.42-2048x1536.jpg?v=1658676725 2048w\" sizes=\"(max-width: 800px) 100vw, 800px\" \/>\t\t\t\t\t\t\t\t\t\t\t\t\t\t\t<\/div>\n\t\t\t\t<\/div>\n\t\t\t\t<div class=\"elementor-element elementor-element-7517054 elementor-widget elementor-widget-image\" data-id=\"7517054\" data-element_type=\"widget\" data-e-type=\"widget\" data-widget_type=\"image.default\">\n\t\t\t\t<div class=\"elementor-widget-container\">\n\t\t\t\t\t\t\t\t\t\t\t\t\t\t\t<img loading=\"lazy\" decoding=\"async\" width=\"800\" height=\"600\" src=\"https:\/\/kri-kri-ibex.com\/wp-content\/uploads\/2022\/07\/2021-11-24-07.42.08-1024x768.jpg?v=1658677781\" class=\"attachment-large size-large wp-image-338\" alt=\"\" srcset=\"https:\/\/kri-kri-ibex.com\/wp-content\/uploads\/2022\/07\/2021-11-24-07.42.08-1024x768.jpg?v=1658677781 1024w, https:\/\/kri-kri-ibex.com\/wp-content\/uploads\/2022\/07\/2021-11-24-07.42.08-300x225.jpg?v=1658677781 300w, https:\/\/kri-kri-ibex.com\/wp-content\/uploads\/2022\/07\/2021-11-24-07.42.08-768x576.jpg?v=1658677781 768w, https:\/\/kri-kri-ibex.com\/wp-content\/uploads\/2022\/07\/2021-11-24-07.42.08-1536x1152.jpg?v=1658677781 1536w, https:\/\/kri-kri-ibex.com\/wp-content\/uploads\/2022\/07\/2021-11-24-07.42.08-2048x1536.jpg?v=1658677781 2048w\" sizes=\"(max-width: 800px) 100vw, 800px\" \/>\t\t\t\t\t\t\t\t\t\t\t\t\t\t\t<\/div>\n\t\t\t\t<\/div>\n\t\t\t\t\t<\/div>\n\t\t<\/div>\n\t\t\t\t<div class=\"elementor-column elementor-col-25 elementor-top-column elementor-element elementor-element-eea95e4\" data-id=\"eea95e4\" data-element_type=\"column\" data-e-type=\"column\">\n\t\t\t<div class=\"elementor-widget-wrap elementor-element-populated\">\n\t\t\t\t\t\t<div class=\"elementor-element elementor-element-d9572aa elementor-widget elementor-widget-image\" data-id=\"d9572aa\" data-element_type=\"widget\" data-e-type=\"widget\" data-widget_type=\"image.default\">\n\t\t\t\t<div class=\"elementor-widget-container\">\n\t\t\t\t\t\t\t\t\t\t\t\t\t\t\t<img loading=\"lazy\" decoding=\"async\" width=\"800\" height=\"600\" src=\"https:\/\/kri-kri-ibex.com\/wp-content\/uploads\/2022\/07\/2021-11-15-08.22.33-1024x768.jpg?v=1658676454\" class=\"attachment-large size-large wp-image-330\" alt=\"\" srcset=\"https:\/\/kri-kri-ibex.com\/wp-content\/uploads\/2022\/07\/2021-11-15-08.22.33-1024x768.jpg?v=1658676454 1024w, https:\/\/kri-kri-ibex.com\/wp-content\/uploads\/2022\/07\/2021-11-15-08.22.33-300x225.jpg?v=1658676454 300w, https:\/\/kri-kri-ibex.com\/wp-content\/uploads\/2022\/07\/2021-11-15-08.22.33-768x576.jpg?v=1658676454 768w, https:\/\/kri-kri-ibex.com\/wp-content\/uploads\/2022\/07\/2021-11-15-08.22.33-1536x1152.jpg?v=1658676454 1536w, https:\/\/kri-kri-ibex.com\/wp-content\/uploads\/2022\/07\/2021-11-15-08.22.33-2048x1536.jpg?v=1658676454 2048w\" sizes=\"(max-width: 800px) 100vw, 800px\" \/>\t\t\t\t\t\t\t\t\t\t\t\t\t\t\t<\/div>\n\t\t\t\t<\/div>\n\t\t\t\t<div class=\"elementor-element elementor-element-6bdeec0 elementor-widget elementor-widget-image\" data-id=\"6bdeec0\" data-element_type=\"widget\" data-e-type=\"widget\" data-widget_type=\"image.default\">\n\t\t\t\t<div class=\"elementor-widget-container\">\n\t\t\t\t\t\t\t\t\t\t\t\t\t\t\t<img loading=\"lazy\" decoding=\"async\" width=\"800\" height=\"600\" src=\"https:\/\/kri-kri-ibex.com\/wp-content\/uploads\/2022\/07\/2021-11-25-13.28.20-1024x768.jpg?v=1658678037\" class=\"attachment-large size-large wp-image-340\" alt=\"\" srcset=\"https:\/\/kri-kri-ibex.com\/wp-content\/uploads\/2022\/07\/2021-11-25-13.28.20-1024x768.jpg?v=1658678037 1024w, https:\/\/kri-kri-ibex.com\/wp-content\/uploads\/2022\/07\/2021-11-25-13.28.20-300x225.jpg?v=1658678037 300w, https:\/\/kri-kri-ibex.com\/wp-content\/uploads\/2022\/07\/2021-11-25-13.28.20-768x576.jpg?v=1658678037 768w, https:\/\/kri-kri-ibex.com\/wp-content\/uploads\/2022\/07\/2021-11-25-13.28.20-1536x1152.jpg?v=1658678037 1536w, https:\/\/kri-kri-ibex.com\/wp-content\/uploads\/2022\/07\/2021-11-25-13.28.20-2048x1536.jpg?v=1658678037 2048w\" sizes=\"(max-width: 800px) 100vw, 800px\" \/>\t\t\t\t\t\t\t\t\t\t\t\t\t\t\t<\/div>\n\t\t\t\t<\/div>\n\t\t\t\t\t<\/div>\n\t\t<\/div>\n\t\t\t\t\t<\/div>\n\t\t<\/section>\n\t\t\t\t<\/div>","protected":false},"excerpt":{"rendered":"<p>Kri kri ibex and mouflon hunting in Greece on Sapientza island Where to hunt kri kri ibex Kri kri ibex hunting and especially hunting in Greece is difficult task. For international hunters hunting big game in Greece is restricted. Wild boars and roe deer are the only alternative for local hunters besides kri kri ibex, [&hellip;]<\/p>\n","protected":false},"author":1,"featured_media":0,"parent":0,"menu_order":0,"comment_status":"closed","ping_status":"closed","template":"elementor_header_footer","meta":{"footnotes":""},"wf_page_folders":[],"class_list":["post-312","page","type-page","status-publish","hentry"],"aioseo_notices":[],"_links":{"self":[{"href":"https:\/\/kri-kri-ibex.com\/fr\/wp-json\/wp\/v2\/pages\/312","targetHints":{"allow":["GET"]}}],"collection":[{"href":"https:\/\/kri-kri-ibex.com\/fr\/wp-json\/wp\/v2\/pages"}],"about":[{"href":"https:\/\/kri-kri-ibex.com\/fr\/wp-json\/wp\/v2\/types\/page"}],"author":[{"embeddable":true,"href":"https:\/\/kri-kri-ibex.com\/fr\/wp-json\/wp\/v2\/users\/1"}],"replies":[{"embeddable":true,"href":"https:\/\/kri-kri-ibex.com\/fr\/wp-json\/wp\/v2\/comments?post=312"}],"version-history":[{"count":24,"href":"https:\/\/kri-kri-ibex.com\/fr\/wp-json\/wp\/v2\/pages\/312\/revisions"}],"predecessor-version":[{"id":1305,"href":"https:\/\/kri-kri-ibex.com\/fr\/wp-json\/wp\/v2\/pages\/312\/revisions\/1305"}],"wp:attachment":[{"href":"https:\/\/kri-kri-ibex.com\/fr\/wp-json\/wp\/v2\/media?parent=312"}],"wp:term":[{"taxonomy":"wf_page_folders","embeddable":true,"href":"https:\/\/kri-kri-ibex.com\/fr\/wp-json\/wp\/v2\/wf_page_folders?post=312"}],"curies":[{"name":"wp","href":"https:\/\/api.w.org\/{rel}","templated":true}]}}