{"id":3,"date":"2022-07-21T20:07:42","date_gmt":"2022-07-21T20:07:42","guid":{"rendered":"https:\/\/kri-kri-ibex.com\/?page_id=3"},"modified":"2022-07-21T20:39:37","modified_gmt":"2022-07-21T20:39:37","slug":"privacy-policy","status":"publish","type":"page","link":"https:\/\/kri-kri-ibex.com\/da\/privatlivspolitik\/","title":{"rendered":"Politik om beskyttelse af personlige oplysninger"},"content":{"rendered":"<h2 class=\"wp-block-heading\">Hvem vi er<\/h2>\n\n\n\n<p>Vores hjemmesideadresse er: https:\/\/kri-kri-ibex.com.<\/p>\n\n\n\n<h2 class=\"wp-block-heading\">Sm\u00e5kager<\/h2>\n\n\n\n<p>Hvis du skriver en kommentar p\u00e5 vores hjemmeside, kan du v\u00e6lge at gemme dit navn, din e-mailadresse og din hjemmeside i cookies. Det er for at g\u00f8re det nemmere for dig, s\u00e5 du ikke beh\u00f8ver at udfylde dine oplysninger igen, n\u00e5r du skriver en ny kommentar. Disse cookies vil vare i et \u00e5r.<\/p>\n\n\n\n<p>Hvis du bes\u00f8ger vores login-side, s\u00e6tter vi en midlertidig cookie for at afg\u00f8re, om din browser accepterer cookies. Denne cookie indeholder ingen personlige data og kasseres, n\u00e5r du lukker din browser.<\/p>\n\n\n\n<p>N\u00e5r du logger ind, s\u00e6tter vi ogs\u00e5 flere cookies op for at gemme dine loginoplysninger og dine valg af sk\u00e6rmvisning. Login-cookies holder i to dage, og cookies til sk\u00e6rmindstillinger holder i et \u00e5r. Hvis du v\u00e6lger \"Husk mig\", bevares dit login i to uger. Hvis du logger ud af din konto, vil login-cookies blive fjernet.<\/p>\n\n\n\n<p>Hvis du redigerer eller udgiver en artikel, gemmes der en ekstra cookie i din browser. Denne cookie indeholder ingen personlige data og angiver blot post-ID'et for den artikel, du lige har redigeret. Den udl\u00f8ber efter 1 dag.<\/p>\n\n\n\n<h2 class=\"wp-block-heading\">Indlejret indhold fra andre hjemmesider<\/h2>\n\n\n\n<p>Artikler p\u00e5 dette websted kan indeholde indlejret indhold (f.eks. videoer, billeder, artikler osv.). Indlejret indhold fra andre hjemmesider opf\u00f8rer sig p\u00e5 n\u00f8jagtig samme m\u00e5de, som hvis den bes\u00f8gende havde bes\u00f8gt den anden hjemmeside.<\/p>\n\n\n\n<p>Disse websteder kan indsamle data om dig, bruge cookies, indlejre yderligere tredjepartssporing og overv\u00e5ge din interaktion med det indlejrede indhold, herunder spore din interaktion med det indlejrede indhold, hvis du har en konto og er logget ind p\u00e5 det p\u00e5g\u00e6ldende websted.<\/p>\n\n\n\n<h2 class=\"wp-block-heading\">Hvem vi deler dine data med<\/h2>\n\n\n\n<p>Hvis du anmoder om at f\u00e5 nulstillet din adgangskode, vil din IP-adresse blive inkluderet i nulstillingsmailen.<\/p>\n\n\n\n<h2 class=\"wp-block-heading\">Hvor l\u00e6nge vi opbevarer dine data<\/h2>\n\n\n\n<p>Hvis du efterlader en kommentar, bevares kommentaren og dens metadata p\u00e5 ubestemt tid. Det er for, at vi kan genkende og godkende eventuelle opf\u00f8lgende kommentarer automatisk i stedet for at holde dem i en moderationsk\u00f8.<\/p>\n\n\n\n<p>For brugere, der registrerer sig p\u00e5 vores hjemmeside (hvis der er nogen), gemmer vi ogs\u00e5 de personlige oplysninger, de giver i deres brugerprofil. Alle brugere kan til enhver tid se, redigere eller slette deres personlige oplysninger (bortset fra at de ikke kan \u00e6ndre deres brugernavn). Webstedsadministratorer kan ogs\u00e5 se og redigere disse oplysninger.<\/p>\n\n\n\n<h2 class=\"wp-block-heading\">Hvilke rettigheder du har over dine data<\/h2>\n\n\n\n<p>Hvis du har en konto p\u00e5 dette websted eller har skrevet kommentarer, kan du anmode om at modtage en eksporteret fil med de persondata, vi har om dig, herunder alle data, du har givet os. Du kan ogs\u00e5 anmode om, at vi sletter alle personoplysninger, vi har om dig. Dette omfatter ikke data, som vi er forpligtet til at opbevare af administrative, juridiske eller sikkerhedsm\u00e6ssige \u00e5rsager.<\/p>\n\n\n\n<h2 class=\"wp-block-heading\">Hvor dine data sendes hen<\/h2>\n\n\n\n<p>Bes\u00f8gendes kommentarer kan blive kontrolleret gennem en automatiseret spamdetekteringstjeneste.<\/p>","protected":false},"excerpt":{"rendered":"<p>Who we are Our website address is: https:\/\/kri-kri-ibex.com. Cookies If you leave a comment on our site you may opt-in to saving your name, email address and website in cookies. These are for your convenience so that you do not have to fill in your details again when you leave another comment. These cookies will [&hellip;]<\/p>\n","protected":false},"author":1,"featured_media":0,"parent":0,"menu_order":0,"comment_status":"closed","ping_status":"open","template":"","meta":{"footnotes":""},"wf_page_folders":[],"class_list":["post-3","page","type-page","status-publish","hentry"],"aioseo_notices":[],"_links":{"self":[{"href":"https:\/\/kri-kri-ibex.com\/da\/wp-json\/wp\/v2\/pages\/3","targetHints":{"allow":["GET"]}}],"collection":[{"href":"https:\/\/kri-kri-ibex.com\/da\/wp-json\/wp\/v2\/pages"}],"about":[{"href":"https:\/\/kri-kri-ibex.com\/da\/wp-json\/wp\/v2\/types\/page"}],"author":[{"embeddable":true,"href":"https:\/\/kri-kri-ibex.com\/da\/wp-json\/wp\/v2\/users\/1"}],"replies":[{"embeddable":true,"href":"https:\/\/kri-kri-ibex.com\/da\/wp-json\/wp\/v2\/comments?post=3"}],"version-history":[{"count":0,"href":"https:\/\/kri-kri-ibex.com\/da\/wp-json\/wp\/v2\/pages\/3\/revisions"}],"wp:attachment":[{"href":"https:\/\/kri-kri-ibex.com\/da\/wp-json\/wp\/v2\/media?parent=3"}],"wp:term":[{"taxonomy":"wf_page_folders","embeddable":true,"href":"https:\/\/kri-kri-ibex.com\/da\/wp-json\/wp\/v2\/wf_page_folders?post=3"}],"curies":[{"name":"wp","href":"https:\/\/api.w.org\/{rel}","templated":true}]}}